{"id":3,"date":"2024-08-09T10:14:49","date_gmt":"2024-08-09T10:14:49","guid":{"rendered":"http:\/\/www.hotel-damsquare.com\/?page_id=3"},"modified":"2024-11-01T12:16:24","modified_gmt":"2024-11-01T12:16:24","slug":"privacy-policy","status":"publish","type":"page","link":"http:\/\/www.hotel-damsquare.com\/fr\/privacy-policy\/","title":{"rendered":"Politique de confidentialit\u00e9"},"content":{"rendered":"<div data-elementor-type=\"wp-page\" data-elementor-id=\"3\" class=\"elementor elementor-3\" data-elementor-post-type=\"page\">\n\t\t\t\t<div class=\"elementor-element elementor-element-59bc6d3 e-flex e-con-boxed e-con e-parent\" data-id=\"59bc6d3\" data-element_type=\"container\">\n\t\t\t\t\t<div class=\"e-con-inner\">\n\t\t\t\t<div class=\"elementor-element elementor-element-7d3ce5db elementor-widget elementor-widget-text-editor\" data-id=\"7d3ce5db\" data-element_type=\"widget\" data-widget_type=\"text-editor.default\">\n\t\t\t\t<div class=\"elementor-widget-container\">\n\t\t\t\t\t\t\t\t\t\n<h4 class=\"wp-block-heading\">Conditions de confidentialit\u00e9 H\u00f4tel Damsquare Version 0.1<\/h4>\n<p>Cette page a \u00e9t\u00e9 mise \u00e0 jour pour la derni\u00e8re fois le 17 mai 2018.<br \/>L'H\u00f4tel Damsquare respecte et prot\u00e8ge la vie priv\u00e9e des utilisateurs de ce site web. Toutes les donn\u00e9es personnelles que nous recevons sont trait\u00e9es de mani\u00e8re confidentielle. Lorsque vous visitez notre site web, nous recueillons diverses donn\u00e9es que nous utilisons pour vous fournir le meilleur service possible. Cette politique de confidentialit\u00e9 s'applique \u00e0 tous les services de l'H\u00f4tel Damsquare. Vous devez savoir que l'H\u00f4tel Damsquare n'est pas responsable de la politique de confidentialit\u00e9 d'autres sites et sources. En utilisant ce site web, vous signifiez votre acceptation de la politique de confidentialit\u00e9. Hotel Damsquare respecte la vie priv\u00e9e de tous les utilisateurs de son site et veille \u00e0 ce que les informations personnelles que vous nous fournissez soient trait\u00e9es de mani\u00e8re confidentielle.<\/p>\n<h4>Quelles sont les donn\u00e9es que nous traitons ?<\/h4>\n<p>Lorsque vous effectuez une r\u00e9servation, nous recueillons les donn\u00e9es que vous avez saisies. Ces donn\u00e9es sont stock\u00e9es sur les serveurs s\u00e9curis\u00e9s de l'H\u00f4tel de Gerstekorrel ou sur ceux de notre partenaire Hoteliers.com B.V. Nous ne combinerons pas ces donn\u00e9es avec d'autres donn\u00e9es personnelles en notre possession.<\/p>\n<h4>Communications<\/h4>\n<p>Lorsque vous nous envoyez un num\u00e9ro de t\u00e9l\u00e9phone, un courrier \u00e9lectronique ou d'autres messages, nous pouvons conserver ces messages. Dans certains cas, nous vous demandons de nous fournir des donn\u00e9es \u00e0 caract\u00e8re personnel en rapport avec la situation en question. Cela nous permet de traiter vos demandes et d'y r\u00e9pondre. Les donn\u00e9es sont stock\u00e9es sur les serveurs s\u00e9curis\u00e9s de l'H\u00f4tel Damsquare ou sur ceux d'un tiers. Nous ne fournissons jamais d'adresses \u00e9lectroniques \u00e0 des tiers \u00e0 des fins commerciales.<\/p>\n<h4>Cookies<\/h4>\n<p>Nous collectons des donn\u00e9es \u00e0 des fins de recherche afin de mieux comprendre nos clients et d'adapter nos services en cons\u00e9quence. Ce site web utilise des \"cookies\" (fichiers texte plac\u00e9s sur votre ordinateur) pour aider le site web \u00e0 analyser l'utilisation qu'en font les utilisateurs. Vous pouvez r\u00e9initialiser votre navigateur pour qu'il refuse tous les cookies ou pour qu'il indique quand un cookie est envoy\u00e9. Toutefois, certaines fonctions et certains services, sur notre site et sur d'autres sites, peuvent ne pas fonctionner correctement si les cookies sont d\u00e9sactiv\u00e9s dans votre navigateur. Les informations g\u00e9n\u00e9r\u00e9es par le cookie concernant votre utilisation du site web peuvent \u00eatre transf\u00e9r\u00e9es aux serveurs s\u00e9curis\u00e9s de l'H\u00f4tel Damsquare ou \u00e0 ceux d'un tiers. Nous utilisons ces informations pour savoir comment vous utilisez le site web, pour compiler des rapports sur l'activit\u00e9 du site web et pour offrir d'autres services li\u00e9s \u00e0 l'activit\u00e9 du site web et \u00e0 l'utilisation d'Internet.<\/p>\n<h4>\u00c0 l'\u00e9coute<\/h4>\n<p>Dans le cadre de notre assurance qualit\u00e9, il est possible que des conversations t\u00e9l\u00e9phoniques soient enregistr\u00e9es. Ces appels sont utilis\u00e9s exclusivement \u00e0 des fins internes.<\/p>\n<h4>Politique des partenaires<\/h4>\n<p>Afin de traiter correctement les r\u00e9servations, il est parfois n\u00e9cessaire de transmettre les d\u00e9tails de votre r\u00e9servation \u00e0 nos partenaires. Ces partenaires, y compris Siteminder et ses filiales directes, n'utilisent vos donn\u00e9es que pour communiquer avec l'h\u00f4tel au sujet de la r\u00e9servation effectu\u00e9e. Nos partenaires agissent dans le respect des lignes directrices de l'h\u00f4tel Damsquare en mati\u00e8re de protection de la vie priv\u00e9e et des exigences l\u00e9gales applicables.<\/p>\n<h4>Objectifs<\/h4>\n<p>Nous ne collectons ni n'utilisons d'informations \u00e0 des fins autres que celles d\u00e9crites dans la pr\u00e9sente politique de confidentialit\u00e9, sauf si nous avons obtenu votre consentement pr\u00e9alable.<\/p>\n<h4>Tiers<\/h4>\n<p>Les informations ne sont pas communiqu\u00e9es \u00e0 des tiers. Dans certains cas, les informations peuvent \u00eatre partag\u00e9es en interne. Nos employ\u00e9s sont tenus de respecter la confidentialit\u00e9 de vos donn\u00e9es. Modifications La pr\u00e9sente d\u00e9claration de confidentialit\u00e9 est adapt\u00e9e \u00e0 l'utilisation et aux fonctionnalit\u00e9s de ce site. Toute adaptation et\/ou modification de ce site peut entra\u00eener des changements dans la pr\u00e9sente d\u00e9claration de confidentialit\u00e9. Il est donc conseill\u00e9 de consulter r\u00e9guli\u00e8rement cette d\u00e9claration de confidentialit\u00e9.<\/p>\n<h4>Modification\/d\u00e9sinscription des donn\u00e9es personnelles<\/h4>\n<p>Nous offrons \u00e0 tous les visiteurs la possibilit\u00e9 de consulter, de modifier ou de supprimer \u00e0 tout moment les informations personnelles qu'ils nous ont fournies. Veuillez nous envoyer un courriel \u00e0 l'adresse suivante : info@hotel-damsquare.com<\/p>\n<h4>Plus d'informations<\/h4>\n<p>Nous v\u00e9rifions r\u00e9guli\u00e8rement notre conformit\u00e9 avec cette politique de confidentialit\u00e9. Si vous avez des questions ou si vous souhaitez obtenir plus d'informations sur cette politique de confidentialit\u00e9, n'h\u00e9sitez pas \u00e0 nous contacter.<\/p>\t\t\t\t\t\t\t\t<\/div>\n\t\t\t\t<\/div>\n\t\t\t\t\t<\/div>\n\t\t\t\t<\/div>\n\t\t\t\t<\/div>","protected":false},"excerpt":{"rendered":"<p>Conditions de confidentialit\u00e9 Hotel Damsquare Version 0.1 Cette page a \u00e9t\u00e9 mise \u00e0 jour pour la derni\u00e8re fois le 17 mai 2018.Hotel Damsquare respecte et prot\u00e8ge la vie priv\u00e9e des utilisateurs de ce site web. Toutes les donn\u00e9es personnelles que nous recevons seront trait\u00e9es de mani\u00e8re confidentielle. Lorsque vous visitez notre site web, nous collectons diverses donn\u00e9es que nous utilisons pour vous fournir le meilleur [...]<\/p>","protected":false},"author":1,"featured_media":0,"parent":0,"menu_order":0,"comment_status":"closed","ping_status":"open","template":"","meta":{"footnotes":""},"class_list":["post-3","page","type-page","status-publish","hentry"],"yoast_head":"<!-- This site is optimized with the Yoast SEO plugin v27.5 - https:\/\/yoast.com\/product\/yoast-seo-wordpress\/ -->\n<title>Privacy Policy - Hotel Damsquare<\/title>\n<meta name=\"robots\" content=\"index, follow, max-snippet:-1, max-image-preview:large, max-video-preview:-1\" \/>\n<link rel=\"canonical\" href=\"https:\/\/www.hotel-damsquare.com\/fr\/privacy-policy\/\" \/>\n<meta property=\"og:locale\" content=\"fr_FR\" \/>\n<meta property=\"og:type\" content=\"article\" \/>\n<meta property=\"og:title\" content=\"Privacy Policy - Hotel Damsquare\" \/>\n<meta property=\"og:description\" content=\"Privacy conditions Hotel Damsquare Version 0.1 This page was last updated on 17 May 2018.Hotel Damsquare respects and protects the privacy of the users of this website. All personal data we receive will be treated confidentially. When you visit our website, we collect various data that we use to provide you with the best possible [&hellip;]\" \/>\n<meta property=\"og:url\" content=\"https:\/\/www.hotel-damsquare.com\/fr\/privacy-policy\/\" \/>\n<meta property=\"og:site_name\" content=\"Hotel Damsquare\" \/>\n<meta property=\"article:modified_time\" content=\"2024-11-01T12:16:24+00:00\" \/>\n<meta name=\"twitter:card\" content=\"summary_large_image\" \/>\n<meta name=\"twitter:label1\" content=\"Dur\u00e9e de lecture estim\u00e9e\" \/>\n\t<meta name=\"twitter:data1\" content=\"3 minutes\" \/>\n<script type=\"application\/ld+json\" class=\"yoast-schema-graph\">{\"@context\":\"https:\\\/\\\/schema.org\",\"@graph\":[{\"@type\":\"WebPage\",\"@id\":\"https:\\\/\\\/www.hotel-damsquare.com\\\/privacy-policy\\\/\",\"url\":\"https:\\\/\\\/www.hotel-damsquare.com\\\/privacy-policy\\\/\",\"name\":\"Privacy Policy - Hotel Damsquare\",\"isPartOf\":{\"@id\":\"https:\\\/\\\/www.hotel-damsquare.com\\\/fr\\\/#website\"},\"datePublished\":\"2024-08-09T10:14:49+00:00\",\"dateModified\":\"2024-11-01T12:16:24+00:00\",\"breadcrumb\":{\"@id\":\"https:\\\/\\\/www.hotel-damsquare.com\\\/privacy-policy\\\/#breadcrumb\"},\"inLanguage\":\"fr-FR\",\"potentialAction\":[{\"@type\":\"ReadAction\",\"target\":[\"https:\\\/\\\/www.hotel-damsquare.com\\\/privacy-policy\\\/\"]}]},{\"@type\":\"BreadcrumbList\",\"@id\":\"https:\\\/\\\/www.hotel-damsquare.com\\\/privacy-policy\\\/#breadcrumb\",\"itemListElement\":[{\"@type\":\"ListItem\",\"position\":1,\"name\":\"Home\",\"item\":\"https:\\\/\\\/www.hotel-damsquare.com\\\/fr\\\/\"},{\"@type\":\"ListItem\",\"position\":2,\"name\":\"Privacy Policy\"}]},{\"@type\":\"WebSite\",\"@id\":\"https:\\\/\\\/www.hotel-damsquare.com\\\/fr\\\/#website\",\"url\":\"https:\\\/\\\/www.hotel-damsquare.com\\\/fr\\\/\",\"name\":\"Hotel Damsquare\",\"description\":\"\",\"publisher\":{\"@id\":\"https:\\\/\\\/www.hotel-damsquare.com\\\/fr\\\/#organization\"},\"potentialAction\":[{\"@type\":\"SearchAction\",\"target\":{\"@type\":\"EntryPoint\",\"urlTemplate\":\"https:\\\/\\\/www.hotel-damsquare.com\\\/fr\\\/?s={search_term_string}\"},\"query-input\":{\"@type\":\"PropertyValueSpecification\",\"valueRequired\":true,\"valueName\":\"search_term_string\"}}],\"inLanguage\":\"fr-FR\"},{\"@type\":\"Organization\",\"@id\":\"https:\\\/\\\/www.hotel-damsquare.com\\\/fr\\\/#organization\",\"name\":\"Hotel Damsquare\",\"url\":\"https:\\\/\\\/www.hotel-damsquare.com\\\/fr\\\/\",\"logo\":{\"@type\":\"ImageObject\",\"inLanguage\":\"fr-FR\",\"@id\":\"https:\\\/\\\/www.hotel-damsquare.com\\\/fr\\\/#\\\/schema\\\/logo\\\/image\\\/\",\"url\":\"http:\\\/\\\/www.hotel-damsquare.com\\\/wp-content\\\/uploads\\\/2024\\\/08\\\/dam-sq-hotel-c-2.png\",\"contentUrl\":\"http:\\\/\\\/www.hotel-damsquare.com\\\/wp-content\\\/uploads\\\/2024\\\/08\\\/dam-sq-hotel-c-2.png\",\"width\":3125,\"height\":3125,\"caption\":\"Hotel Damsquare\"},\"image\":{\"@id\":\"https:\\\/\\\/www.hotel-damsquare.com\\\/fr\\\/#\\\/schema\\\/logo\\\/image\\\/\"}}]}<\/script>\n<!-- \/ Yoast SEO plugin. -->","yoast_head_json":{"title":"Privacy Policy - Hotel Damsquare","robots":{"index":"index","follow":"follow","max-snippet":"max-snippet:-1","max-image-preview":"max-image-preview:large","max-video-preview":"max-video-preview:-1"},"canonical":"https:\/\/www.hotel-damsquare.com\/fr\/privacy-policy\/","og_locale":"fr_FR","og_type":"article","og_title":"Privacy Policy - Hotel Damsquare","og_description":"Privacy conditions Hotel Damsquare Version 0.1 This page was last updated on 17 May 2018.Hotel Damsquare respects and protects the privacy of the users of this website. All personal data we receive will be treated confidentially. When you visit our website, we collect various data that we use to provide you with the best possible [&hellip;]","og_url":"https:\/\/www.hotel-damsquare.com\/fr\/privacy-policy\/","og_site_name":"Hotel Damsquare","article_modified_time":"2024-11-01T12:16:24+00:00","twitter_card":"summary_large_image","twitter_misc":{"Dur\u00e9e de lecture estim\u00e9e":"3 minutes"},"schema":{"@context":"https:\/\/schema.org","@graph":[{"@type":"WebPage","@id":"https:\/\/www.hotel-damsquare.com\/privacy-policy\/","url":"https:\/\/www.hotel-damsquare.com\/privacy-policy\/","name":"Privacy Policy - Hotel Damsquare","isPartOf":{"@id":"https:\/\/www.hotel-damsquare.com\/fr\/#website"},"datePublished":"2024-08-09T10:14:49+00:00","dateModified":"2024-11-01T12:16:24+00:00","breadcrumb":{"@id":"https:\/\/www.hotel-damsquare.com\/privacy-policy\/#breadcrumb"},"inLanguage":"fr-FR","potentialAction":[{"@type":"ReadAction","target":["https:\/\/www.hotel-damsquare.com\/privacy-policy\/"]}]},{"@type":"BreadcrumbList","@id":"https:\/\/www.hotel-damsquare.com\/privacy-policy\/#breadcrumb","itemListElement":[{"@type":"ListItem","position":1,"name":"Home","item":"https:\/\/www.hotel-damsquare.com\/fr\/"},{"@type":"ListItem","position":2,"name":"Privacy Policy"}]},{"@type":"WebSite","@id":"https:\/\/www.hotel-damsquare.com\/fr\/#website","url":"https:\/\/www.hotel-damsquare.com\/fr\/","name":"H\u00f4tel Damsquare","description":"","publisher":{"@id":"https:\/\/www.hotel-damsquare.com\/fr\/#organization"},"potentialAction":[{"@type":"SearchAction","target":{"@type":"EntryPoint","urlTemplate":"https:\/\/www.hotel-damsquare.com\/fr\/?s={search_term_string}"},"query-input":{"@type":"PropertyValueSpecification","valueRequired":true,"valueName":"search_term_string"}}],"inLanguage":"fr-FR"},{"@type":"Organization","@id":"https:\/\/www.hotel-damsquare.com\/fr\/#organization","name":"H\u00f4tel Damsquare","url":"https:\/\/www.hotel-damsquare.com\/fr\/","logo":{"@type":"ImageObject","inLanguage":"fr-FR","@id":"https:\/\/www.hotel-damsquare.com\/fr\/#\/schema\/logo\/image\/","url":"http:\/\/www.hotel-damsquare.com\/wp-content\/uploads\/2024\/08\/dam-sq-hotel-c-2.png","contentUrl":"http:\/\/www.hotel-damsquare.com\/wp-content\/uploads\/2024\/08\/dam-sq-hotel-c-2.png","width":3125,"height":3125,"caption":"Hotel Damsquare"},"image":{"@id":"https:\/\/www.hotel-damsquare.com\/fr\/#\/schema\/logo\/image\/"}}]}},"_links":{"self":[{"href":"http:\/\/www.hotel-damsquare.com\/fr\/wp-json\/wp\/v2\/pages\/3","targetHints":{"allow":["GET"]}}],"collection":[{"href":"http:\/\/www.hotel-damsquare.com\/fr\/wp-json\/wp\/v2\/pages"}],"about":[{"href":"http:\/\/www.hotel-damsquare.com\/fr\/wp-json\/wp\/v2\/types\/page"}],"author":[{"embeddable":true,"href":"http:\/\/www.hotel-damsquare.com\/fr\/wp-json\/wp\/v2\/users\/1"}],"replies":[{"embeddable":true,"href":"http:\/\/www.hotel-damsquare.com\/fr\/wp-json\/wp\/v2\/comments?post=3"}],"version-history":[{"count":0,"href":"http:\/\/www.hotel-damsquare.com\/fr\/wp-json\/wp\/v2\/pages\/3\/revisions"}],"wp:attachment":[{"href":"http:\/\/www.hotel-damsquare.com\/fr\/wp-json\/wp\/v2\/media?parent=3"}],"curies":[{"name":"wp","href":"https:\/\/api.w.org\/{rel}","templated":true}]}}