{"id":74,"date":"2024-08-09T12:52:16","date_gmt":"2024-08-09T12:52:16","guid":{"rendered":"http:\/\/www.hotel-damsquare.com\/?page_id=74"},"modified":"2025-01-04T15:14:55","modified_gmt":"2025-01-04T15:14:55","slug":"geschiedenis","status":"publish","type":"page","link":"http:\/\/www.hotel-damsquare.com\/fr\/geschiedenis\/","title":{"rendered":"histoire"},"content":{"rendered":"<div data-elementor-type=\"wp-page\" data-elementor-id=\"74\" class=\"elementor elementor-74\" data-elementor-post-type=\"page\">\n\t\t\t\t<div class=\"elementor-element elementor-element-cd4dfe9 e-flex e-con-boxed e-con e-parent\" data-id=\"cd4dfe9\" data-element_type=\"container\" data-settings=\"{&quot;background_background&quot;:&quot;classic&quot;}\">\n\t\t\t\t\t<div class=\"e-con-inner\">\n\t\t\t\t<div class=\"elementor-element elementor-element-70250f8 elementor-widget elementor-widget-heading\" data-id=\"70250f8\" data-element_type=\"widget\" data-widget_type=\"heading.default\">\n\t\t\t\t<div class=\"elementor-widget-container\">\n\t\t\t\t\t<h2 class=\"elementor-heading-title elementor-size-default\">histoire<\/h2>\t\t\t\t<\/div>\n\t\t\t\t<\/div>\n\t\t\t\t\t<\/div>\n\t\t\t\t<\/div>\n\t\t<div class=\"elementor-element elementor-element-05ab717 e-flex e-con-boxed e-con e-parent\" data-id=\"05ab717\" data-element_type=\"container\">\n\t\t\t\t\t<div class=\"e-con-inner\">\n\t\t<div class=\"elementor-element elementor-element-6f0f7d1 e-con-full e-flex e-con e-child\" data-id=\"6f0f7d1\" data-element_type=\"container\">\n\t\t\t\t<div class=\"elementor-element elementor-element-f60f337 elementor-widget elementor-widget-heading\" data-id=\"f60f337\" data-element_type=\"widget\" data-widget_type=\"heading.default\">\n\t\t\t\t<div class=\"elementor-widget-container\">\n\t\t\t\t\t<h2 class=\"elementor-heading-title elementor-size-default\">Histoire de l'h\u00f4tel Damsquare <\/h2>\t\t\t\t<\/div>\n\t\t\t\t<\/div>\n\t\t\t\t<div class=\"elementor-element elementor-element-0ef404a elementor-widget elementor-widget-text-editor\" data-id=\"0ef404a\" data-element_type=\"widget\" data-widget_type=\"text-editor.default\">\n\t\t\t\t<div class=\"elementor-widget-container\">\n\t\t\t\t\t\t\t\t\t<p class=\"p1\">L'h\u00f4tel Damsquare, anciennement connu sous le nom d'h\u00f4tel de Gerstekorrel, est l'un des plus anciens h\u00f4tels familiaux d'Amsterdam. Fond\u00e9 dans les ann\u00e9es 1920, l'h\u00f4tel a fait l'objet de r\u00e9novations approfondies ces derni\u00e8res ann\u00e9es. Au cours du si\u00e8cle dernier, il a \u00e9t\u00e9 g\u00e9r\u00e9 par quatre familles diff\u00e9rentes et la famille actuelle perp\u00e9tue la fi\u00e8re tradition.<\/p>\t\t\t\t\t\t\t\t<\/div>\n\t\t\t\t<\/div>\n\t\t\t\t<\/div>\n\t\t<div class=\"elementor-element elementor-element-9109dbf e-con-full e-flex e-con e-child\" data-id=\"9109dbf\" data-element_type=\"container\" data-settings=\"{&quot;background_background&quot;:&quot;classic&quot;}\">\n\t\t\t\t<div class=\"elementor-element elementor-element-e795b40 elementor-widget elementor-widget-image\" data-id=\"e795b40\" data-element_type=\"widget\" data-widget_type=\"image.default\">\n\t\t\t\t<div class=\"elementor-widget-container\">\n\t\t\t\t\t\t\t\t\t\t\t\t\t\t\t<img fetchpriority=\"high\" decoding=\"async\" width=\"800\" height=\"533\" src=\"https:\/\/www.hotel-damsquare.com\/wp-content\/uploads\/2024\/08\/pica-1024x682.jpg\" class=\"attachment-large size-large wp-image-15\" alt=\"\" srcset=\"https:\/\/www.hotel-damsquare.com\/wp-content\/uploads\/2024\/08\/pica-1024x682.jpg 1024w, https:\/\/www.hotel-damsquare.com\/wp-content\/uploads\/2024\/08\/pica-300x200.jpg 300w, https:\/\/www.hotel-damsquare.com\/wp-content\/uploads\/2024\/08\/pica-768x512.jpg 768w, https:\/\/www.hotel-damsquare.com\/wp-content\/uploads\/2024\/08\/pica.jpg 1153w\" sizes=\"(max-width: 800px) 100vw, 800px\" \/>\t\t\t\t\t\t\t\t\t\t\t\t\t\t\t<\/div>\n\t\t\t\t<\/div>\n\t\t\t\t<\/div>\n\t\t\t\t\t<\/div>\n\t\t\t\t<\/div>\n\t\t<div class=\"elementor-element elementor-element-cadb97f e-flex e-con-boxed e-con e-parent\" data-id=\"cadb97f\" data-element_type=\"container\" data-settings=\"{&quot;background_background&quot;:&quot;classic&quot;}\">\n\t\t\t\t\t<div class=\"e-con-inner\">\n\t\t<div class=\"elementor-element elementor-element-7c5a444 e-con-full e-flex e-con e-child\" data-id=\"7c5a444\" data-element_type=\"container\" data-settings=\"{&quot;background_background&quot;:&quot;classic&quot;}\">\n\t\t\t\t<div class=\"elementor-element elementor-element-66e740c elementor-widget elementor-widget-image\" data-id=\"66e740c\" data-element_type=\"widget\" data-widget_type=\"image.default\">\n\t\t\t\t<div class=\"elementor-widget-container\">\n\t\t\t\t\t\t\t\t\t\t\t\t\t\t\t<img decoding=\"async\" width=\"800\" height=\"533\" src=\"https:\/\/www.hotel-damsquare.com\/wp-content\/uploads\/2024\/08\/coffeng-1024x682.jpg\" class=\"attachment-large size-large wp-image-13\" alt=\"\" srcset=\"https:\/\/www.hotel-damsquare.com\/wp-content\/uploads\/2024\/08\/coffeng-1024x682.jpg 1024w, https:\/\/www.hotel-damsquare.com\/wp-content\/uploads\/2024\/08\/coffeng-300x200.jpg 300w, https:\/\/www.hotel-damsquare.com\/wp-content\/uploads\/2024\/08\/coffeng-768x512.jpg 768w, https:\/\/www.hotel-damsquare.com\/wp-content\/uploads\/2024\/08\/coffeng.jpg 1040w\" sizes=\"(max-width: 800px) 100vw, 800px\" \/>\t\t\t\t\t\t\t\t\t\t\t\t\t\t\t<\/div>\n\t\t\t\t<\/div>\n\t\t\t\t<\/div>\n\t\t<div class=\"elementor-element elementor-element-bb3bf9f e-con-full e-flex e-con e-child\" data-id=\"bb3bf9f\" data-element_type=\"container\">\n\t\t\t\t<div class=\"elementor-element elementor-element-b5aa529 elementor-widget elementor-widget-text-editor\" data-id=\"b5aa529\" data-element_type=\"widget\" data-widget_type=\"text-editor.default\">\n\t\t\t\t<div class=\"elementor-widget-container\">\n\t\t\t\t\t\t\t\t\t<p class=\"p1\">Le premier propri\u00e9taire, M. J.H. (Tinus) Coffeng, a r\u00e9ussi \u00e0 diriger l'h\u00f4tel pendant les ann\u00e9es difficiles de la Seconde Guerre mondiale. Apr\u00e8s lui, l'h\u00f4tel a \u00e9t\u00e9 g\u00e9r\u00e9 par un couple n\u00e9erlandais, qui l'a vendu \u00e0 un couple anglo-italien dans les ann\u00e9es 1970. Bien que prosp\u00e8re dans les ann\u00e9es 1980, l'h\u00f4tel ne r\u00e9pond plus aux normes modernes, avec des toilettes et des douches communes. Au d\u00e9but des ann\u00e9es 1990, l'h\u00f4tel a \u00e9t\u00e9 repris par une famille n\u00e9erlando-finlandaise. Entre-temps, la deuxi\u00e8me g\u00e9n\u00e9ration de la famille apprend le m\u00e9tier d'h\u00f4telier.<\/p>\t\t\t\t\t\t\t\t<\/div>\n\t\t\t\t<\/div>\n\t\t\t\t<div class=\"elementor-element elementor-element-a7a4702 elementor-widget elementor-widget-text-editor\" data-id=\"a7a4702\" data-element_type=\"widget\" data-widget_type=\"text-editor.default\">\n\t\t\t\t<div class=\"elementor-widget-container\">\n\t\t\t\t\t\t\t\t\t<p class=\"p1\">Lorsque l'h\u00f4tel a \u00e9t\u00e9 repris, il a \u00e9t\u00e9 modernis\u00e9 et toutes les chambres ont \u00e9t\u00e9 r\u00e9nov\u00e9es pour inclure leurs propres douches et toilettes. Depuis la premi\u00e8re r\u00e9novation, l'h\u00f4tel n'a cess\u00e9 d'\u00eatre am\u00e9lior\u00e9, r\u00e9nov\u00e9 et rafra\u00eechi. La riche histoire familiale est une source de fiert\u00e9 et les clients sont chaleureusement accueillis.<\/p>\t\t\t\t\t\t\t\t<\/div>\n\t\t\t\t<\/div>\n\t\t\t\t<\/div>\n\t\t\t\t\t<\/div>\n\t\t\t\t<\/div>\n\t\t<div class=\"elementor-element elementor-element-835ecf6 elementor-hidden-tablet elementor-hidden-mobile e-flex e-con-boxed e-con e-parent\" data-id=\"835ecf6\" data-element_type=\"container\" data-settings=\"{&quot;background_background&quot;:&quot;classic&quot;}\">\n\t\t\t\t\t<div class=\"e-con-inner\">\n\t\t\t\t<div class=\"elementor-element elementor-element-963f2d1 elementor-arrows-position-inside elementor-pagination-position-outside elementor-widget elementor-widget-image-carousel\" data-id=\"963f2d1\" data-element_type=\"widget\" data-settings=\"{&quot;image_spacing_custom&quot;:{&quot;unit&quot;:&quot;px&quot;,&quot;size&quot;:15,&quot;sizes&quot;:[]},&quot;navigation&quot;:&quot;both&quot;,&quot;autoplay&quot;:&quot;yes&quot;,&quot;pause_on_hover&quot;:&quot;yes&quot;,&quot;pause_on_interaction&quot;:&quot;yes&quot;,&quot;autoplay_speed&quot;:5000,&quot;infinite&quot;:&quot;yes&quot;,&quot;speed&quot;:500,&quot;image_spacing_custom_tablet&quot;:{&quot;unit&quot;:&quot;px&quot;,&quot;size&quot;:&quot;&quot;,&quot;sizes&quot;:[]},&quot;image_spacing_custom_mobile&quot;:{&quot;unit&quot;:&quot;px&quot;,&quot;size&quot;:&quot;&quot;,&quot;sizes&quot;:[]}}\" data-widget_type=\"image-carousel.default\">\n\t\t\t\t<div class=\"elementor-widget-container\">\n\t\t\t\t\t\t\t<div class=\"elementor-image-carousel-wrapper swiper\" role=\"region\" aria-roledescription=\"carousel\" aria-label=\"Carrousel d&#039;images\" dir=\"ltr\">\n\t\t\t<div class=\"elementor-image-carousel swiper-wrapper\" aria-live=\"off\">\n\t\t\t\t\t\t\t\t<div class=\"swiper-slide\" role=\"group\" aria-roledescription=\"slide\" aria-label=\"1 de 4\"><figure class=\"swiper-slide-inner\"><img decoding=\"async\" class=\"swiper-slide-image\" src=\"https:\/\/www.hotel-damsquare.com\/wp-content\/uploads\/2024\/08\/brochure4b-1024x683.jpg\" alt=\"brochure4b\" \/><\/figure><\/div><div class=\"swiper-slide\" role=\"group\" aria-roledescription=\"slide\" aria-label=\"2 de 4\"><figure class=\"swiper-slide-inner\"><img decoding=\"async\" class=\"swiper-slide-image\" src=\"https:\/\/www.hotel-damsquare.com\/wp-content\/uploads\/2024\/08\/pica-1024x682.jpg\" alt=\"pica\" \/><\/figure><\/div><div class=\"swiper-slide\" role=\"group\" aria-roledescription=\"slide\" aria-label=\"3 de 4\"><figure class=\"swiper-slide-inner\"><img decoding=\"async\" class=\"swiper-slide-image\" src=\"https:\/\/www.hotel-damsquare.com\/wp-content\/uploads\/2024\/08\/room51-1024x682.jpg\" alt=\"room51\" \/><\/figure><\/div><div class=\"swiper-slide\" role=\"group\" aria-roledescription=\"slide\" aria-label=\"4 de 4\"><figure class=\"swiper-slide-inner\"><img decoding=\"async\" class=\"swiper-slide-image\" src=\"https:\/\/www.hotel-damsquare.com\/wp-content\/uploads\/2024\/08\/coffeng-1024x682.jpg\" alt=\"coffeng\" \/><\/figure><\/div>\t\t\t<\/div>\n\t\t\t\t\t\t\t\t\t\t\t\t<div class=\"elementor-swiper-button elementor-swiper-button-prev\" role=\"button\" tabindex=\"0\">\n\t\t\t\t\t\t<svg aria-hidden=\"true\" class=\"e-font-icon-svg e-eicon-chevron-left\" viewbox=\"0 0 1000 1000\" xmlns=\"http:\/\/www.w3.org\/2000\/svg\"><path d=\"M646 125C629 125 613 133 604 142L308 442C296 454 292 471 292 487 292 504 296 521 308 533L604 854C617 867 629 875 646 875 663 875 679 871 692 858 704 846 713 829 713 812 713 796 708 779 692 767L438 487 692 225C700 217 708 204 708 187 708 171 704 154 692 142 675 129 663 125 646 125Z\"><\/path><\/svg>\t\t\t\t\t<\/div>\n\t\t\t\t\t<div class=\"elementor-swiper-button elementor-swiper-button-next\" role=\"button\" tabindex=\"0\">\n\t\t\t\t\t\t<svg aria-hidden=\"true\" class=\"e-font-icon-svg e-eicon-chevron-right\" viewbox=\"0 0 1000 1000\" xmlns=\"http:\/\/www.w3.org\/2000\/svg\"><path d=\"M696 533C708 521 713 504 713 487 713 471 708 454 696 446L400 146C388 133 375 125 354 125 338 125 325 129 313 142 300 154 292 171 292 187 292 204 296 221 308 233L563 492 304 771C292 783 288 800 288 817 288 833 296 850 308 863 321 871 338 875 354 875 371 875 388 867 400 854L696 533Z\"><\/path><\/svg>\t\t\t\t\t<\/div>\n\t\t\t\t\n\t\t\t\t\t\t\t\t\t<div class=\"swiper-pagination\"><\/div>\n\t\t\t\t\t\t\t\t\t<\/div>\n\t\t\t\t\t\t<\/div>\n\t\t\t\t<\/div>\n\t\t\t\t\t<\/div>\n\t\t\t\t<\/div>\n\t\t\t\t<\/div>","protected":false},"excerpt":{"rendered":"<p>Histoire de l'h\u00f4tel Damsquare L'h\u00f4tel Damsquare, anciennement connu sous le nom d'h\u00f4tel de Gerstekorrel, est l'un des plus anciens h\u00f4tels familiaux d'Amsterdam. Fond\u00e9 dans les ann\u00e9es 1920, l'h\u00f4tel a fait l'objet de r\u00e9novations approfondies au cours des derni\u00e8res ann\u00e9es. Au cours du si\u00e8cle dernier, il a \u00e9t\u00e9 g\u00e9r\u00e9 par quatre familles diff\u00e9rentes et la famille actuelle perp\u00e9tue la fi\u00e8re tradition. [...]<\/p>","protected":false},"author":3,"featured_media":0,"parent":0,"menu_order":0,"comment_status":"closed","ping_status":"closed","template":"","meta":{"footnotes":""},"class_list":["post-74","page","type-page","status-publish","hentry"],"yoast_head":"<!-- This site is optimized with the Yoast SEO plugin v27.3 - https:\/\/yoast.com\/product\/yoast-seo-wordpress\/ -->\n<title>History - Hotel Damsquare<\/title>\n<meta name=\"robots\" content=\"index, follow, max-snippet:-1, max-image-preview:large, max-video-preview:-1\" \/>\n<link rel=\"canonical\" href=\"http:\/\/www.hotel-damsquare.com\/fr\/geschiedenis\/\" \/>\n<meta property=\"og:locale\" content=\"fr_FR\" \/>\n<meta property=\"og:type\" content=\"article\" \/>\n<meta property=\"og:title\" content=\"History - Hotel Damsquare\" \/>\n<meta property=\"og:description\" content=\"History History of Hotel Damsquare Hotel Damsquare, formerly known as Hotel de Gerstekorrel, is one of the oldest family-run hotels in Amsterdam. Founded in the 1920s the hotel has undergone thorough renovations in recent years. Over the past century it has been managed by four different families with the current family continuing the proud tradition. [&hellip;]\" \/>\n<meta property=\"og:url\" content=\"http:\/\/www.hotel-damsquare.com\/fr\/geschiedenis\/\" \/>\n<meta property=\"og:site_name\" content=\"Hotel Damsquare\" \/>\n<meta property=\"article:modified_time\" content=\"2025-01-04T15:14:55+00:00\" \/>\n<meta property=\"og:image\" content=\"http:\/\/www.hotel-damsquare.com\/wp-content\/uploads\/2024\/08\/pica-1024x682.jpg\" \/>\n<meta name=\"twitter:card\" content=\"summary_large_image\" \/>\n<meta name=\"twitter:label1\" content=\"Dur\u00e9e de lecture estim\u00e9e\" \/>\n\t<meta name=\"twitter:data1\" content=\"4 minutes\" \/>\n<script type=\"application\/ld+json\" class=\"yoast-schema-graph\">{\"@context\":\"https:\\\/\\\/schema.org\",\"@graph\":[{\"@type\":\"WebPage\",\"@id\":\"http:\\\/\\\/www.hotel-damsquare.com\\\/geschiedenis\\\/\",\"url\":\"http:\\\/\\\/www.hotel-damsquare.com\\\/geschiedenis\\\/\",\"name\":\"History - Hotel Damsquare\",\"isPartOf\":{\"@id\":\"https:\\\/\\\/www.hotel-damsquare.com\\\/es\\\/#website\"},\"primaryImageOfPage\":{\"@id\":\"http:\\\/\\\/www.hotel-damsquare.com\\\/geschiedenis\\\/#primaryimage\"},\"image\":{\"@id\":\"http:\\\/\\\/www.hotel-damsquare.com\\\/geschiedenis\\\/#primaryimage\"},\"thumbnailUrl\":\"http:\\\/\\\/www.hotel-damsquare.com\\\/wp-content\\\/uploads\\\/2024\\\/08\\\/pica-1024x682.jpg\",\"datePublished\":\"2024-08-09T12:52:16+00:00\",\"dateModified\":\"2025-01-04T15:14:55+00:00\",\"breadcrumb\":{\"@id\":\"http:\\\/\\\/www.hotel-damsquare.com\\\/geschiedenis\\\/#breadcrumb\"},\"inLanguage\":\"fr-FR\",\"potentialAction\":[{\"@type\":\"ReadAction\",\"target\":[\"http:\\\/\\\/www.hotel-damsquare.com\\\/geschiedenis\\\/\"]}]},{\"@type\":\"ImageObject\",\"inLanguage\":\"fr-FR\",\"@id\":\"http:\\\/\\\/www.hotel-damsquare.com\\\/geschiedenis\\\/#primaryimage\",\"url\":\"http:\\\/\\\/www.hotel-damsquare.com\\\/wp-content\\\/uploads\\\/2024\\\/08\\\/pica-1024x682.jpg\",\"contentUrl\":\"http:\\\/\\\/www.hotel-damsquare.com\\\/wp-content\\\/uploads\\\/2024\\\/08\\\/pica-1024x682.jpg\"},{\"@type\":\"BreadcrumbList\",\"@id\":\"http:\\\/\\\/www.hotel-damsquare.com\\\/geschiedenis\\\/#breadcrumb\",\"itemListElement\":[{\"@type\":\"ListItem\",\"position\":1,\"name\":\"Home\",\"item\":\"https:\\\/\\\/www.hotel-damsquare.com\\\/es\\\/\"},{\"@type\":\"ListItem\",\"position\":2,\"name\":\"History\"}]},{\"@type\":\"WebSite\",\"@id\":\"https:\\\/\\\/www.hotel-damsquare.com\\\/es\\\/#website\",\"url\":\"https:\\\/\\\/www.hotel-damsquare.com\\\/es\\\/\",\"name\":\"Hotel Damsquare\",\"description\":\"\",\"publisher\":{\"@id\":\"https:\\\/\\\/www.hotel-damsquare.com\\\/es\\\/#organization\"},\"potentialAction\":[{\"@type\":\"SearchAction\",\"target\":{\"@type\":\"EntryPoint\",\"urlTemplate\":\"https:\\\/\\\/www.hotel-damsquare.com\\\/es\\\/?s={search_term_string}\"},\"query-input\":{\"@type\":\"PropertyValueSpecification\",\"valueRequired\":true,\"valueName\":\"search_term_string\"}}],\"inLanguage\":\"fr-FR\"},{\"@type\":\"Organization\",\"@id\":\"https:\\\/\\\/www.hotel-damsquare.com\\\/es\\\/#organization\",\"name\":\"Hotel Damsquare\",\"url\":\"https:\\\/\\\/www.hotel-damsquare.com\\\/es\\\/\",\"logo\":{\"@type\":\"ImageObject\",\"inLanguage\":\"fr-FR\",\"@id\":\"https:\\\/\\\/www.hotel-damsquare.com\\\/es\\\/#\\\/schema\\\/logo\\\/image\\\/\",\"url\":\"http:\\\/\\\/www.hotel-damsquare.com\\\/wp-content\\\/uploads\\\/2024\\\/08\\\/dam-sq-hotel-c-2.png\",\"contentUrl\":\"http:\\\/\\\/www.hotel-damsquare.com\\\/wp-content\\\/uploads\\\/2024\\\/08\\\/dam-sq-hotel-c-2.png\",\"width\":3125,\"height\":3125,\"caption\":\"Hotel Damsquare\"},\"image\":{\"@id\":\"https:\\\/\\\/www.hotel-damsquare.com\\\/es\\\/#\\\/schema\\\/logo\\\/image\\\/\"}}]}<\/script>\n<!-- \/ Yoast SEO plugin. -->","yoast_head_json":{"title":"History - Hotel Damsquare","robots":{"index":"index","follow":"follow","max-snippet":"max-snippet:-1","max-image-preview":"max-image-preview:large","max-video-preview":"max-video-preview:-1"},"canonical":"http:\/\/www.hotel-damsquare.com\/fr\/geschiedenis\/","og_locale":"fr_FR","og_type":"article","og_title":"History - Hotel Damsquare","og_description":"History History of Hotel Damsquare Hotel Damsquare, formerly known as Hotel de Gerstekorrel, is one of the oldest family-run hotels in Amsterdam. Founded in the 1920s the hotel has undergone thorough renovations in recent years. Over the past century it has been managed by four different families with the current family continuing the proud tradition. [&hellip;]","og_url":"http:\/\/www.hotel-damsquare.com\/fr\/geschiedenis\/","og_site_name":"Hotel Damsquare","article_modified_time":"2025-01-04T15:14:55+00:00","og_image":[{"url":"http:\/\/www.hotel-damsquare.com\/wp-content\/uploads\/2024\/08\/pica-1024x682.jpg","type":"","width":"","height":""}],"twitter_card":"summary_large_image","twitter_misc":{"Dur\u00e9e de lecture estim\u00e9e":"4 minutes"},"schema":{"@context":"https:\/\/schema.org","@graph":[{"@type":"WebPage","@id":"http:\/\/www.hotel-damsquare.com\/geschiedenis\/","url":"http:\/\/www.hotel-damsquare.com\/geschiedenis\/","name":"History - Hotel Damsquare","isPartOf":{"@id":"https:\/\/www.hotel-damsquare.com\/es\/#website"},"primaryImageOfPage":{"@id":"http:\/\/www.hotel-damsquare.com\/geschiedenis\/#primaryimage"},"image":{"@id":"http:\/\/www.hotel-damsquare.com\/geschiedenis\/#primaryimage"},"thumbnailUrl":"http:\/\/www.hotel-damsquare.com\/wp-content\/uploads\/2024\/08\/pica-1024x682.jpg","datePublished":"2024-08-09T12:52:16+00:00","dateModified":"2025-01-04T15:14:55+00:00","breadcrumb":{"@id":"http:\/\/www.hotel-damsquare.com\/geschiedenis\/#breadcrumb"},"inLanguage":"fr-FR","potentialAction":[{"@type":"ReadAction","target":["http:\/\/www.hotel-damsquare.com\/geschiedenis\/"]}]},{"@type":"ImageObject","inLanguage":"fr-FR","@id":"http:\/\/www.hotel-damsquare.com\/geschiedenis\/#primaryimage","url":"http:\/\/www.hotel-damsquare.com\/wp-content\/uploads\/2024\/08\/pica-1024x682.jpg","contentUrl":"http:\/\/www.hotel-damsquare.com\/wp-content\/uploads\/2024\/08\/pica-1024x682.jpg"},{"@type":"BreadcrumbList","@id":"http:\/\/www.hotel-damsquare.com\/geschiedenis\/#breadcrumb","itemListElement":[{"@type":"ListItem","position":1,"name":"Home","item":"https:\/\/www.hotel-damsquare.com\/es\/"},{"@type":"ListItem","position":2,"name":"History"}]},{"@type":"WebSite","@id":"https:\/\/www.hotel-damsquare.com\/es\/#website","url":"https:\/\/www.hotel-damsquare.com\/es\/","name":"H\u00f4tel Damsquare","description":"","publisher":{"@id":"https:\/\/www.hotel-damsquare.com\/es\/#organization"},"potentialAction":[{"@type":"SearchAction","target":{"@type":"EntryPoint","urlTemplate":"https:\/\/www.hotel-damsquare.com\/es\/?s={search_term_string}"},"query-input":{"@type":"PropertyValueSpecification","valueRequired":true,"valueName":"search_term_string"}}],"inLanguage":"fr-FR"},{"@type":"Organization","@id":"https:\/\/www.hotel-damsquare.com\/es\/#organization","name":"H\u00f4tel Damsquare","url":"https:\/\/www.hotel-damsquare.com\/es\/","logo":{"@type":"ImageObject","inLanguage":"fr-FR","@id":"https:\/\/www.hotel-damsquare.com\/es\/#\/schema\/logo\/image\/","url":"http:\/\/www.hotel-damsquare.com\/wp-content\/uploads\/2024\/08\/dam-sq-hotel-c-2.png","contentUrl":"http:\/\/www.hotel-damsquare.com\/wp-content\/uploads\/2024\/08\/dam-sq-hotel-c-2.png","width":3125,"height":3125,"caption":"Hotel Damsquare"},"image":{"@id":"https:\/\/www.hotel-damsquare.com\/es\/#\/schema\/logo\/image\/"}}]}},"_links":{"self":[{"href":"http:\/\/www.hotel-damsquare.com\/fr\/wp-json\/wp\/v2\/pages\/74","targetHints":{"allow":["GET"]}}],"collection":[{"href":"http:\/\/www.hotel-damsquare.com\/fr\/wp-json\/wp\/v2\/pages"}],"about":[{"href":"http:\/\/www.hotel-damsquare.com\/fr\/wp-json\/wp\/v2\/types\/page"}],"author":[{"embeddable":true,"href":"http:\/\/www.hotel-damsquare.com\/fr\/wp-json\/wp\/v2\/users\/3"}],"replies":[{"embeddable":true,"href":"http:\/\/www.hotel-damsquare.com\/fr\/wp-json\/wp\/v2\/comments?post=74"}],"version-history":[{"count":3,"href":"http:\/\/www.hotel-damsquare.com\/fr\/wp-json\/wp\/v2\/pages\/74\/revisions"}],"predecessor-version":[{"id":3827,"href":"http:\/\/www.hotel-damsquare.com\/fr\/wp-json\/wp\/v2\/pages\/74\/revisions\/3827"}],"wp:attachment":[{"href":"http:\/\/www.hotel-damsquare.com\/fr\/wp-json\/wp\/v2\/media?parent=74"}],"curies":[{"name":"wp","href":"https:\/\/api.w.org\/{rel}","templated":true}]}}