{"id":2924,"date":"2024-10-25T14:47:25","date_gmt":"2024-10-25T14:47:25","guid":{"rendered":"http:\/\/www.hotel-damsquare.com\/?page_id=2924"},"modified":"2026-01-13T10:18:10","modified_gmt":"2026-01-13T10:18:10","slug":"terms-conditions","status":"publish","type":"page","link":"https:\/\/www.hotel-damsquare.com\/es\/terms-conditions\/","title":{"rendered":"Condiciones generales"},"content":{"rendered":"<div data-elementor-type=\"wp-page\" data-elementor-id=\"2924\" class=\"elementor elementor-2924\" data-elementor-post-type=\"page\">\n\t\t\t\t<div class=\"elementor-element elementor-element-16df644 e-flex e-con-boxed e-con e-parent\" data-id=\"16df644\" data-element_type=\"container\">\n\t\t\t\t\t<div class=\"e-con-inner\">\n\t\t<div class=\"elementor-element elementor-element-abcac43 e-con-full e-flex e-con e-child\" data-id=\"abcac43\" data-element_type=\"container\">\n\t\t\t\t<div class=\"elementor-element elementor-element-df5acd4 elementor-widget elementor-widget-text-editor\" data-id=\"df5acd4\" data-element_type=\"widget\" data-widget_type=\"text-editor.default\">\n\t\t\t\t<div class=\"elementor-widget-container\">\n\t\t\t\t\t\t\t\t\t<h2>Condiciones generales<\/h2><h4>Anulaciones y modificaciones<\/h4><p>Todas las cancelaciones y modificaciones deben hacerse directamente con el hotel.<\/p><h4>Reservas est\u00e1ndar<\/h4><p>Se requiere tarjeta de cr\u00e9dito para garantizar la reserva. La tarjeta de cr\u00e9dito ser\u00e1 autorizada para la tarifa de la primera noche aproximadamente 6 d\u00edas antes de la llegada. Si la autorizaci\u00f3n no tiene \u00e9xito, el hotel se reserva el derecho de cancelar la reserva.<br \/>Cancelaci\u00f3n gratuita hasta las 14:00 (hora local holandesa), 72 horas antes de la llegada. Las cancelaciones dentro de las 72 horas o los no-shows tendr\u00e1n un cargo de 100% de la reserva.<br \/>Las modificaciones est\u00e1n sujetas a disponibilidad y pueden afectar a la tarifa por noche. Se aplicar\u00e1 una tasa administrativa de 20 euros a todas las modificaciones.<br \/>Las reservas de grupos est\u00e1n sujetas a normas distintas.<\/p><h4>Reservas no reembolsables<\/h4><p>Se cargar\u00e1 el importe total en el momento de efectuar la reserva; no se admiten cancelaciones. Como cortes\u00eda hacia los hu\u00e9spedes que reservan directamente a trav\u00e9s de nuestra p\u00e1gina web, permitimos modificaciones en las reservas no reembolsables, sujetas a disponibilidad.<br \/>Se permiten modificaciones hasta 48 horas antes de la llegada, sujetas a disponibilidad, y se aplica un cargo administrativo de 20 euros a todas las modificaciones.<br \/>Se cobrar\u00e1 la diferencia de tarifa superior si procede; no se reembolsar\u00e1n las tarifas inferiores.<br \/>No se admiten cambios ni devoluciones en las 48 horas anteriores a la llegada.<\/p><h4>EFECTIVO<\/h4><p>Aceptamos pagos en efectivo, pero no podemos aceptar billetes de 200,- y 500,- euros.<\/p><h4>AUTORIZACI\u00d3N DE TARJETA DE CR\u00c9DITO Y DEP\u00d3SITO<\/h4><p>El hotel se reserva el derecho de preautorizar las tarjetas de cr\u00e9dito antes de su llegada y de solicitar un dep\u00f3sito de 50 euros al registrarse.<\/p><h4>POL\u00cdTICA DE TARJETAS DE CR\u00c9DITO<\/h4><p>Si el titular de la tarjeta no est\u00e1 presente en el momento de facturar, se exigen documentos de autorizaci\u00f3n por adelantado. Y si el titular de la tarjeta est\u00e1 presente, deber\u00e1 mostrar la tarjeta de cr\u00e9dito y un documento de identidad (pasaporte o carn\u00e9 de identidad) en el momento del check-in. Si no se presenta la documentaci\u00f3n requerida, los hu\u00e9spedes deber\u00e1n pagar en el momento del check-in.<\/p><h4>DA\u00d1OS Y LIMPIEZA EXTRA<\/h4><p>Esperamos de nuestros hu\u00e9spedes el m\u00e1ximo respeto por nuestra propiedad y pertenencias. En caso de da\u00f1os causados por negligencia grave del hu\u00e9sped, nos vemos obligados a cargar todos los costes al responsable de la reserva. Esto incluir\u00e1 las reparaciones a precio de coste, los costes adicionales de la limpieza, m\u00e1s una tarifa diaria por habitaci\u00f3n igual a la tarifa diaria que cobrar\u00edamos si la habitaci\u00f3n estuviera disponible, hasta que dicha habitaci\u00f3n haya sido devuelta a un estado vendible. En caso de suciedad excesiva en la habitaci\u00f3n, se cobrar\u00e1 al hu\u00e9sped una tarifa de limpieza adicional de 150 euros.<\/p><h4>DISTURBIOS<\/h4><p>En caso de &amp; molestias excesivas &amp; (ruidos fuertes, da\u00f1os, comportamiento inadecuado), el hotel se reserva el derecho de rescindir inmediatamente su reserva sin reembolso de la reserva ni del dep\u00f3sito pagado.<\/p><h4>FUERZA MAYOR<\/h4><p>El Hotel Damsquare no acepta ninguna responsabilidad ni realiza ning\u00fan tipo de compensaci\u00f3n cuando no pueda ofrecer los servicios contratados por nosotros debido a circunstancias fuera de nuestro control: desastres (naturales), incendios, guerras y terrorismo, huelgas, disturbios, cancelaci\u00f3n de vuelos\/trenes\/autobuses\/barcos, pandemias, regulaciones gubernamentales, conflictos laborales, condiciones meteorol\u00f3gicas desfavorables u otros eventos, circunstancias o emergencias excepcionales y catastr\u00f3ficas que imposibiliten la estancia en nuestro hotel.<\/p><h4>MANTENIMIENTO<\/h4><p>Queremos pensar en nuestro planeta e intentamos minimizar el uso de agua y materiales de limpieza. El servicio de limpieza est\u00e1 disponible todos los d\u00edas, pero en caso de que prefiera no tener servicio, \u00a1no hay problema! Por favor, cuelgue el cartel de no molestar o diga en recepci\u00f3n que prefiere que no se haga la limpieza ese d\u00eda. Adem\u00e1s, reutilizar las toallas ahorra agua y menos detergentes que contaminan nuestro planeta. \u00bfDesea reutilizar su toalla? Cu\u00e9lguela en el perchero de su habitaci\u00f3n. \u00bfQuiere que le cambien la toalla? D\u00e9jela en el suelo.<\/p><h4>RESPONSABILIDAD<\/h4><p>El Hotel Damsquare no es responsable de ning\u00fan da\u00f1o, p\u00e9rdida o robo de bienes y, por lo tanto, no est\u00e1 obligado a pagar ning\u00fan tipo de indemnizaci\u00f3n.<br \/>en este contexto. Por favor, utilice la caja fuerte de su habitaci\u00f3n para sus objetos de valor.<\/p><h4>CHECK OUT OMITIDO<\/h4><p>Nuestro horario de salida es hasta las 10:30 horas de la ma\u00f1ana. En caso de que el hu\u00e9sped no est\u00e9 presente en la habitaci\u00f3n despu\u00e9s de las 10:30 horas y las pertenencias todav\u00eda est\u00e9n presentes, uno de nuestros miembros del equipo de nivel de gesti\u00f3n empacar\u00e1 las pertenencias para asegurar que la habitaci\u00f3n pueda ser limpiada por nuestro equipo de limpieza.<br \/>para los hu\u00e9spedes que lleguen ese d\u00eda. El equipaje\/pertenencias se guardar\u00e1 en una zona segura y se podr\u00e1 recoger en la recepci\u00f3n. Se facturar\u00e1n 100 euros adicionales en concepto de gastos de embalaje, que deber\u00e1n abonarse al recoger las pertenencias.<\/p><h4>EDIFICIO MONUMENTAL<\/h4><p>Nos complace informarle de que el Hotel Damsquare est\u00e1 situado en un edificio monumental del centro de \u00c1msterdam. Eso significa que no tenemos ascensor y que las habitaciones no est\u00e1n tan aisladas e insonorizadas como los edificios modernos de hoy en d\u00eda.<br \/>Todas nuestras habitaciones son \u00fanicas en tama\u00f1o y medidas.<\/p><h4>PETS<\/h4><p>No se admiten animales en el hotel.<\/p><h4>POL\u00cdTICA DE TABACO<\/h4><p>Hotel Damsquare es un hotel para no fumadores y mantiene una pol\u00edtica de tolerancia cero para: Fumar, Estupefacientes. Esta pol\u00edtica se aplica a todas las habitaciones y zonas p\u00fablicas. Si se fuma en la habitaci\u00f3n o si se encuentran drogas o estupefacientes en la habitaci\u00f3n o en las zonas comunes, el hotel se reserva el derecho de imponer una multa de 150 \u20ac + gastos por da\u00f1os y perjuicios.<br \/>El hotel se reserva el derecho de rescindir inmediatamente su reserva sin reembolso de la misma ni del dep\u00f3sito abonado y emprender acciones legales<br \/>ser tomada.<\/p><h4>INFORMACI\u00d3N ADICIONAL<\/h4><p>El hotel se reserva el derecho de cancelar reservas debido a errores de precio o del sistema.<\/p>\t\t\t\t\t\t\t\t<\/div>\n\t\t\t\t<\/div>\n\t\t\t\t<\/div>\n\t\t\t\t\t<\/div>\n\t\t\t\t<\/div>\n\t\t\t\t<\/div>","protected":false},"excerpt":{"rendered":"<p>T\u00e9rminos y condiciones Cancelaciones y modificaciones Todas las cancelaciones y modificaciones deben hacerse directamente con el hotel. Reservas est\u00e1ndar Se requiere una tarjeta de cr\u00e9dito para garantizar la reserva. La tarjeta de cr\u00e9dito ser\u00e1 autorizada para la tarifa de la primera noche aproximadamente 6 d\u00edas antes de la llegada. Si la autorizaci\u00f3n no tiene \u00e9xito, el hotel se reserva el derecho de cancelar [...]<\/p>","protected":false},"author":5,"featured_media":0,"parent":0,"menu_order":0,"comment_status":"closed","ping_status":"closed","template":"","meta":{"footnotes":""},"class_list":["post-2924","page","type-page","status-publish","hentry"],"yoast_head":"<!-- This site is optimized with the Yoast SEO plugin v27.4 - https:\/\/yoast.com\/product\/yoast-seo-wordpress\/ -->\n<title>Terms &amp; Conditions - Hotel Damsquare<\/title>\n<meta name=\"robots\" content=\"index, follow, max-snippet:-1, max-image-preview:large, max-video-preview:-1\" \/>\n<link rel=\"canonical\" href=\"https:\/\/www.hotel-damsquare.com\/es\/terms-conditions\/\" \/>\n<meta property=\"og:locale\" content=\"es_ES\" \/>\n<meta property=\"og:type\" content=\"article\" \/>\n<meta property=\"og:title\" content=\"Terms &amp; Conditions - Hotel Damsquare\" \/>\n<meta property=\"og:description\" content=\"Terms &amp; Conditions Cancellations &amp; Modifications All cancellations and modifications must be made directly with the hotel. Standard Reservations Credit card required to guarantee the booking. The credit card will be authorized for the first night\u2019s rate approximately 6 days prior to arrival. If the authorization is unsuccessful, the hotel reserves the right to cancel [&hellip;]\" \/>\n<meta property=\"og:url\" content=\"https:\/\/www.hotel-damsquare.com\/es\/terms-conditions\/\" \/>\n<meta property=\"og:site_name\" content=\"Hotel Damsquare\" \/>\n<meta property=\"article:modified_time\" content=\"2026-01-13T10:18:10+00:00\" \/>\n<meta name=\"twitter:card\" content=\"summary_large_image\" \/>\n<meta name=\"twitter:label1\" content=\"Tiempo de lectura\" \/>\n\t<meta name=\"twitter:data1\" content=\"4 minutos\" \/>\n<script type=\"application\/ld+json\" class=\"yoast-schema-graph\">{\"@context\":\"https:\\\/\\\/schema.org\",\"@graph\":[{\"@type\":\"WebPage\",\"@id\":\"https:\\\/\\\/www.hotel-damsquare.com\\\/terms-conditions\\\/\",\"url\":\"https:\\\/\\\/www.hotel-damsquare.com\\\/terms-conditions\\\/\",\"name\":\"Terms &amp; Conditions - Hotel Damsquare\",\"isPartOf\":{\"@id\":\"https:\\\/\\\/www.hotel-damsquare.com\\\/es\\\/#website\"},\"datePublished\":\"2024-10-25T14:47:25+00:00\",\"dateModified\":\"2026-01-13T10:18:10+00:00\",\"breadcrumb\":{\"@id\":\"https:\\\/\\\/www.hotel-damsquare.com\\\/terms-conditions\\\/#breadcrumb\"},\"inLanguage\":\"es\",\"potentialAction\":[{\"@type\":\"ReadAction\",\"target\":[\"https:\\\/\\\/www.hotel-damsquare.com\\\/terms-conditions\\\/\"]}]},{\"@type\":\"BreadcrumbList\",\"@id\":\"https:\\\/\\\/www.hotel-damsquare.com\\\/terms-conditions\\\/#breadcrumb\",\"itemListElement\":[{\"@type\":\"ListItem\",\"position\":1,\"name\":\"Home\",\"item\":\"https:\\\/\\\/www.hotel-damsquare.com\\\/es\\\/\"},{\"@type\":\"ListItem\",\"position\":2,\"name\":\"Terms &amp; Conditions\"}]},{\"@type\":\"WebSite\",\"@id\":\"https:\\\/\\\/www.hotel-damsquare.com\\\/es\\\/#website\",\"url\":\"https:\\\/\\\/www.hotel-damsquare.com\\\/es\\\/\",\"name\":\"Hotel Damsquare\",\"description\":\"\",\"publisher\":{\"@id\":\"https:\\\/\\\/www.hotel-damsquare.com\\\/es\\\/#organization\"},\"potentialAction\":[{\"@type\":\"SearchAction\",\"target\":{\"@type\":\"EntryPoint\",\"urlTemplate\":\"https:\\\/\\\/www.hotel-damsquare.com\\\/es\\\/?s={search_term_string}\"},\"query-input\":{\"@type\":\"PropertyValueSpecification\",\"valueRequired\":true,\"valueName\":\"search_term_string\"}}],\"inLanguage\":\"es\"},{\"@type\":\"Organization\",\"@id\":\"https:\\\/\\\/www.hotel-damsquare.com\\\/es\\\/#organization\",\"name\":\"Hotel Damsquare\",\"url\":\"https:\\\/\\\/www.hotel-damsquare.com\\\/es\\\/\",\"logo\":{\"@type\":\"ImageObject\",\"inLanguage\":\"es\",\"@id\":\"https:\\\/\\\/www.hotel-damsquare.com\\\/es\\\/#\\\/schema\\\/logo\\\/image\\\/\",\"url\":\"https:\\\/\\\/www.hotel-damsquare.com\\\/wp-content\\\/uploads\\\/2024\\\/08\\\/dam-sq-hotel-c-2.png\",\"contentUrl\":\"https:\\\/\\\/www.hotel-damsquare.com\\\/wp-content\\\/uploads\\\/2024\\\/08\\\/dam-sq-hotel-c-2.png\",\"width\":3125,\"height\":3125,\"caption\":\"Hotel Damsquare\"},\"image\":{\"@id\":\"https:\\\/\\\/www.hotel-damsquare.com\\\/es\\\/#\\\/schema\\\/logo\\\/image\\\/\"}}]}<\/script>\n<!-- \/ Yoast SEO plugin. -->","yoast_head_json":{"title":"Terms &amp; Conditions - Hotel Damsquare","robots":{"index":"index","follow":"follow","max-snippet":"max-snippet:-1","max-image-preview":"max-image-preview:large","max-video-preview":"max-video-preview:-1"},"canonical":"https:\/\/www.hotel-damsquare.com\/es\/terms-conditions\/","og_locale":"es_ES","og_type":"article","og_title":"Terms &amp; Conditions - Hotel Damsquare","og_description":"Terms &amp; Conditions Cancellations &amp; Modifications All cancellations and modifications must be made directly with the hotel. Standard Reservations Credit card required to guarantee the booking. The credit card will be authorized for the first night\u2019s rate approximately 6 days prior to arrival. If the authorization is unsuccessful, the hotel reserves the right to cancel [&hellip;]","og_url":"https:\/\/www.hotel-damsquare.com\/es\/terms-conditions\/","og_site_name":"Hotel Damsquare","article_modified_time":"2026-01-13T10:18:10+00:00","twitter_card":"summary_large_image","twitter_misc":{"Tiempo de lectura":"4 minutos"},"schema":{"@context":"https:\/\/schema.org","@graph":[{"@type":"WebPage","@id":"https:\/\/www.hotel-damsquare.com\/terms-conditions\/","url":"https:\/\/www.hotel-damsquare.com\/terms-conditions\/","name":"Terms &amp; Conditions - Hotel Damsquare","isPartOf":{"@id":"https:\/\/www.hotel-damsquare.com\/es\/#website"},"datePublished":"2024-10-25T14:47:25+00:00","dateModified":"2026-01-13T10:18:10+00:00","breadcrumb":{"@id":"https:\/\/www.hotel-damsquare.com\/terms-conditions\/#breadcrumb"},"inLanguage":"es","potentialAction":[{"@type":"ReadAction","target":["https:\/\/www.hotel-damsquare.com\/terms-conditions\/"]}]},{"@type":"BreadcrumbList","@id":"https:\/\/www.hotel-damsquare.com\/terms-conditions\/#breadcrumb","itemListElement":[{"@type":"ListItem","position":1,"name":"Home","item":"https:\/\/www.hotel-damsquare.com\/es\/"},{"@type":"ListItem","position":2,"name":"Terms &amp; Conditions"}]},{"@type":"WebSite","@id":"https:\/\/www.hotel-damsquare.com\/es\/#website","url":"https:\/\/www.hotel-damsquare.com\/es\/","name":"Hotel Damsquare","description":"","publisher":{"@id":"https:\/\/www.hotel-damsquare.com\/es\/#organization"},"potentialAction":[{"@type":"SearchAction","target":{"@type":"EntryPoint","urlTemplate":"https:\/\/www.hotel-damsquare.com\/es\/?s={search_term_string}"},"query-input":{"@type":"PropertyValueSpecification","valueRequired":true,"valueName":"search_term_string"}}],"inLanguage":"es"},{"@type":"Organization","@id":"https:\/\/www.hotel-damsquare.com\/es\/#organization","name":"Hotel Damsquare","url":"https:\/\/www.hotel-damsquare.com\/es\/","logo":{"@type":"ImageObject","inLanguage":"es","@id":"https:\/\/www.hotel-damsquare.com\/es\/#\/schema\/logo\/image\/","url":"https:\/\/www.hotel-damsquare.com\/wp-content\/uploads\/2024\/08\/dam-sq-hotel-c-2.png","contentUrl":"https:\/\/www.hotel-damsquare.com\/wp-content\/uploads\/2024\/08\/dam-sq-hotel-c-2.png","width":3125,"height":3125,"caption":"Hotel Damsquare"},"image":{"@id":"https:\/\/www.hotel-damsquare.com\/es\/#\/schema\/logo\/image\/"}}]}},"_links":{"self":[{"href":"https:\/\/www.hotel-damsquare.com\/es\/wp-json\/wp\/v2\/pages\/2924","targetHints":{"allow":["GET"]}}],"collection":[{"href":"https:\/\/www.hotel-damsquare.com\/es\/wp-json\/wp\/v2\/pages"}],"about":[{"href":"https:\/\/www.hotel-damsquare.com\/es\/wp-json\/wp\/v2\/types\/page"}],"author":[{"embeddable":true,"href":"https:\/\/www.hotel-damsquare.com\/es\/wp-json\/wp\/v2\/users\/5"}],"replies":[{"embeddable":true,"href":"https:\/\/www.hotel-damsquare.com\/es\/wp-json\/wp\/v2\/comments?post=2924"}],"version-history":[{"count":12,"href":"https:\/\/www.hotel-damsquare.com\/es\/wp-json\/wp\/v2\/pages\/2924\/revisions"}],"predecessor-version":[{"id":3890,"href":"https:\/\/www.hotel-damsquare.com\/es\/wp-json\/wp\/v2\/pages\/2924\/revisions\/3890"}],"wp:attachment":[{"href":"https:\/\/www.hotel-damsquare.com\/es\/wp-json\/wp\/v2\/media?parent=2924"}],"curies":[{"name":"wp","href":"https:\/\/api.w.org\/{rel}","templated":true}]}}