{"id":2934,"date":"2024-10-25T14:50:35","date_gmt":"2024-10-25T14:50:35","guid":{"rendered":"http:\/\/www.hotel-damsquare.com\/?page_id=2934"},"modified":"2024-11-11T15:59:55","modified_gmt":"2024-11-11T15:59:55","slug":"vacancies","status":"publish","type":"page","link":"https:\/\/www.hotel-damsquare.com\/es\/vacancies\/","title":{"rendered":"Vacantes"},"content":{"rendered":"<div data-elementor-type=\"wp-page\" data-elementor-id=\"2934\" class=\"elementor elementor-2934\" data-elementor-post-type=\"page\">\n\t\t\t\t<div class=\"elementor-element elementor-element-7fc2f4a e-flex e-con-boxed e-con e-parent\" data-id=\"7fc2f4a\" data-element_type=\"container\">\n\t\t\t\t\t<div class=\"e-con-inner\">\n\t\t\t\t<div class=\"elementor-element elementor-element-c0e8e49 elementor-widget elementor-widget-spacer\" data-id=\"c0e8e49\" data-element_type=\"widget\" data-widget_type=\"spacer.default\">\n\t\t\t\t<div class=\"elementor-widget-container\">\n\t\t\t\t\t\t\t<div class=\"elementor-spacer\">\n\t\t\t<div class=\"elementor-spacer-inner\"><\/div>\n\t\t<\/div>\n\t\t\t\t\t\t<\/div>\n\t\t\t\t<\/div>\n\t\t\t\t\t<\/div>\n\t\t\t\t<\/div>\n\t\t<div class=\"elementor-element elementor-element-a06ae99 e-flex e-con-boxed e-con e-parent\" data-id=\"a06ae99\" data-element_type=\"container\">\n\t\t\t\t\t<div class=\"e-con-inner\">\n\t\t\t\t<div class=\"elementor-element elementor-element-b243704 elementor-widget elementor-widget-spacer\" data-id=\"b243704\" data-element_type=\"widget\" data-widget_type=\"spacer.default\">\n\t\t\t\t<div class=\"elementor-widget-container\">\n\t\t\t\t\t\t\t<div class=\"elementor-spacer\">\n\t\t\t<div class=\"elementor-spacer-inner\"><\/div>\n\t\t<\/div>\n\t\t\t\t\t\t<\/div>\n\t\t\t\t<\/div>\n\t\t\t\t\t<\/div>\n\t\t\t\t<\/div>\n\t\t<div class=\"elementor-element elementor-element-8339443 e-flex e-con-boxed e-con e-parent\" data-id=\"8339443\" data-element_type=\"container\">\n\t\t\t\t\t<div class=\"e-con-inner\">\n\t\t<div class=\"elementor-element elementor-element-2538c98 e-con-full e-flex e-con e-child\" data-id=\"2538c98\" data-element_type=\"container\">\n\t\t<div class=\"elementor-element elementor-element-3108bb0 e-con-full e-flex e-con e-child\" data-id=\"3108bb0\" data-element_type=\"container\">\n\t\t\t\t<div class=\"elementor-element elementor-element-9178070 elementor-widget elementor-widget-heading\" data-id=\"9178070\" data-element_type=\"widget\" data-widget_type=\"heading.default\">\n\t\t\t\t<div class=\"elementor-widget-container\">\n\t\t\t\t\t<h2 class=\"elementor-heading-title elementor-size-default\">Vacantes: Limpieza y Recepci\u00f3n<\/h2>\t\t\t\t<\/div>\n\t\t\t\t<\/div>\n\t\t\t\t<div class=\"elementor-element elementor-element-f00bfaa elementor-widget elementor-widget-text-editor\" data-id=\"f00bfaa\" data-element_type=\"widget\" data-widget_type=\"text-editor.default\">\n\t\t\t\t<div class=\"elementor-widget-container\">\n\t\t\t\t\t\t\t\t\t<p>Siempre estamos buscando nuevos compa\u00f1eros entusiastas para nuestros equipos de limpieza y recepci\u00f3n. \u00bfEres una persona abierta a nuevos retos, trabajadora y con una actitud positiva? \u00bfQuieres formar parte de un entorno de trabajo din\u00e1mico e internacional?<\/p><p>Si te entusiasma ofrecer un servicio excelente y crear un ambiente agradable para nuestros hu\u00e9spedes, \u00a1queremos saber de ti! Env\u00ede su CV y carta de presentaci\u00f3n a <u><strong>info@hotel-damsquare.com<\/strong><\/u> y \u00fanete a nuestro equipo.<\/p>\t\t\t\t\t\t\t\t<\/div>\n\t\t\t\t<\/div>\n\t\t\t\t<\/div>\n\t\t\t\t<\/div>\n\t\t<div class=\"elementor-element elementor-element-94ca866 e-con-full e-flex e-con e-child\" data-id=\"94ca866\" data-element_type=\"container\" data-settings=\"{&quot;background_background&quot;:&quot;classic&quot;}\">\n\t\t\t\t<div class=\"elementor-element elementor-element-c6fe451 elementor-widget elementor-widget-image\" data-id=\"c6fe451\" data-element_type=\"widget\" data-widget_type=\"image.default\">\n\t\t\t\t<div class=\"elementor-widget-container\">\n\t\t\t\t\t\t\t\t\t\t\t\t\t\t\t<img fetchpriority=\"high\" decoding=\"async\" width=\"2560\" height=\"1666\" src=\"https:\/\/www.hotel-damsquare.com\/wp-content\/uploads\/2024\/11\/DAMSQR_FINAL-HR-PHOTOS-12-1-min-scaled.jpg\" class=\"attachment-full size-full wp-image-3296\" alt=\"\" srcset=\"https:\/\/www.hotel-damsquare.com\/wp-content\/uploads\/2024\/11\/DAMSQR_FINAL-HR-PHOTOS-12-1-min-scaled.jpg 2560w, https:\/\/www.hotel-damsquare.com\/wp-content\/uploads\/2024\/11\/DAMSQR_FINAL-HR-PHOTOS-12-1-min-300x195.jpg 300w, https:\/\/www.hotel-damsquare.com\/wp-content\/uploads\/2024\/11\/DAMSQR_FINAL-HR-PHOTOS-12-1-min-1024x667.jpg 1024w, https:\/\/www.hotel-damsquare.com\/wp-content\/uploads\/2024\/11\/DAMSQR_FINAL-HR-PHOTOS-12-1-min-768x500.jpg 768w, https:\/\/www.hotel-damsquare.com\/wp-content\/uploads\/2024\/11\/DAMSQR_FINAL-HR-PHOTOS-12-1-min-1536x1000.jpg 1536w, https:\/\/www.hotel-damsquare.com\/wp-content\/uploads\/2024\/11\/DAMSQR_FINAL-HR-PHOTOS-12-1-min-2048x1333.jpg 2048w\" sizes=\"(max-width: 2560px) 100vw, 2560px\" \/>\t\t\t\t\t\t\t\t\t\t\t\t\t\t\t<\/div>\n\t\t\t\t<\/div>\n\t\t\t\t<\/div>\n\t\t\t\t\t<\/div>\n\t\t\t\t<\/div>\n\t\t<div class=\"elementor-element elementor-element-0aac5b5 e-flex e-con-boxed e-con e-parent\" data-id=\"0aac5b5\" data-element_type=\"container\">\n\t\t\t\t\t<div class=\"e-con-inner\">\n\t\t\t\t<div class=\"elementor-element elementor-element-76770e4 elementor-widget elementor-widget-spacer\" data-id=\"76770e4\" data-element_type=\"widget\" data-widget_type=\"spacer.default\">\n\t\t\t\t<div class=\"elementor-widget-container\">\n\t\t\t\t\t\t\t<div class=\"elementor-spacer\">\n\t\t\t<div class=\"elementor-spacer-inner\"><\/div>\n\t\t<\/div>\n\t\t\t\t\t\t<\/div>\n\t\t\t\t<\/div>\n\t\t\t\t\t<\/div>\n\t\t\t\t<\/div>\n\t\t\t\t<\/div>","protected":false},"excerpt":{"rendered":"<p>Vacantes: Limpieza y Recepci\u00f3n Siempre estamos buscando nuevos compa\u00f1eros entusiastas para nuestros equipos de limpieza y recepci\u00f3n. \u00bfEres una persona abierta a nuevos retos, trabajadora y con una actitud positiva? \u00bfQuieres formar parte de un entorno de trabajo din\u00e1mico e internacional? Si te entusiasma ofrecer un servicio excelente [...]<\/p>","protected":false},"author":5,"featured_media":0,"parent":0,"menu_order":0,"comment_status":"closed","ping_status":"closed","template":"","meta":{"footnotes":""},"class_list":["post-2934","page","type-page","status-publish","hentry"],"yoast_head":"<!-- This site is optimized with the Yoast SEO plugin v27.4 - https:\/\/yoast.com\/product\/yoast-seo-wordpress\/ -->\n<title>Vacancies - Hotel Damsquare<\/title>\n<meta name=\"robots\" content=\"index, follow, max-snippet:-1, max-image-preview:large, max-video-preview:-1\" \/>\n<link rel=\"canonical\" href=\"https:\/\/www.hotel-damsquare.com\/es\/vacancies\/\" \/>\n<meta property=\"og:locale\" content=\"es_ES\" \/>\n<meta property=\"og:type\" content=\"article\" \/>\n<meta property=\"og:title\" content=\"Vacancies - Hotel Damsquare\" \/>\n<meta property=\"og:description\" content=\"Vacancies: Cleaning and Reception We are always looking for enthusiastic new colleagues for our cleaning and reception teams. Are you someone who is open to new challenges, works hard and has a positive attitude? Do you want to be part of a dynamic and international working environment? If you are enthusiastic about providing excellent service [&hellip;]\" \/>\n<meta property=\"og:url\" content=\"https:\/\/www.hotel-damsquare.com\/es\/vacancies\/\" \/>\n<meta property=\"og:site_name\" content=\"Hotel Damsquare\" \/>\n<meta property=\"article:modified_time\" content=\"2024-11-11T15:59:55+00:00\" \/>\n<meta property=\"og:image\" content=\"http:\/\/www.hotel-damsquare.com\/wp-content\/uploads\/2024\/11\/DAMSQR_FINAL-HR-PHOTOS-12-1-min-scaled.jpg\" \/>\n<meta name=\"twitter:card\" content=\"summary_large_image\" \/>\n<script type=\"application\/ld+json\" class=\"yoast-schema-graph\">{\"@context\":\"https:\\\/\\\/schema.org\",\"@graph\":[{\"@type\":\"WebPage\",\"@id\":\"https:\\\/\\\/www.hotel-damsquare.com\\\/es\\\/vacancies\\\/\",\"url\":\"https:\\\/\\\/www.hotel-damsquare.com\\\/es\\\/vacancies\\\/\",\"name\":\"Vacancies - Hotel Damsquare\",\"isPartOf\":{\"@id\":\"http:\\\/\\\/www.hotel-damsquare.com\\\/#website\"},\"primaryImageOfPage\":{\"@id\":\"https:\\\/\\\/www.hotel-damsquare.com\\\/es\\\/vacancies\\\/#primaryimage\"},\"image\":{\"@id\":\"https:\\\/\\\/www.hotel-damsquare.com\\\/es\\\/vacancies\\\/#primaryimage\"},\"thumbnailUrl\":\"http:\\\/\\\/www.hotel-damsquare.com\\\/wp-content\\\/uploads\\\/2024\\\/11\\\/DAMSQR_FINAL-HR-PHOTOS-12-1-min-scaled.jpg\",\"datePublished\":\"2024-10-25T14:50:35+00:00\",\"dateModified\":\"2024-11-11T15:59:55+00:00\",\"breadcrumb\":{\"@id\":\"https:\\\/\\\/www.hotel-damsquare.com\\\/es\\\/vacancies\\\/#breadcrumb\"},\"inLanguage\":\"es\",\"potentialAction\":[{\"@type\":\"ReadAction\",\"target\":[\"https:\\\/\\\/www.hotel-damsquare.com\\\/es\\\/vacancies\\\/\"]}]},{\"@type\":\"ImageObject\",\"inLanguage\":\"es\",\"@id\":\"https:\\\/\\\/www.hotel-damsquare.com\\\/es\\\/vacancies\\\/#primaryimage\",\"url\":\"http:\\\/\\\/www.hotel-damsquare.com\\\/wp-content\\\/uploads\\\/2024\\\/11\\\/DAMSQR_FINAL-HR-PHOTOS-12-1-min-scaled.jpg\",\"contentUrl\":\"http:\\\/\\\/www.hotel-damsquare.com\\\/wp-content\\\/uploads\\\/2024\\\/11\\\/DAMSQR_FINAL-HR-PHOTOS-12-1-min-scaled.jpg\"},{\"@type\":\"BreadcrumbList\",\"@id\":\"https:\\\/\\\/www.hotel-damsquare.com\\\/es\\\/vacancies\\\/#breadcrumb\",\"itemListElement\":[{\"@type\":\"ListItem\",\"position\":1,\"name\":\"Home\",\"item\":\"http:\\\/\\\/www.hotel-damsquare.com\\\/es\\\/\"},{\"@type\":\"ListItem\",\"position\":2,\"name\":\"Vacancies\"}]},{\"@type\":\"WebSite\",\"@id\":\"http:\\\/\\\/www.hotel-damsquare.com\\\/#website\",\"url\":\"http:\\\/\\\/www.hotel-damsquare.com\\\/\",\"name\":\"Hotel Damsquare\",\"description\":\"\",\"publisher\":{\"@id\":\"http:\\\/\\\/www.hotel-damsquare.com\\\/#organization\"},\"potentialAction\":[{\"@type\":\"SearchAction\",\"target\":{\"@type\":\"EntryPoint\",\"urlTemplate\":\"http:\\\/\\\/www.hotel-damsquare.com\\\/?s={search_term_string}\"},\"query-input\":{\"@type\":\"PropertyValueSpecification\",\"valueRequired\":true,\"valueName\":\"search_term_string\"}}],\"inLanguage\":\"es\"},{\"@type\":\"Organization\",\"@id\":\"http:\\\/\\\/www.hotel-damsquare.com\\\/#organization\",\"name\":\"Hotel Damsquare\",\"url\":\"http:\\\/\\\/www.hotel-damsquare.com\\\/\",\"logo\":{\"@type\":\"ImageObject\",\"inLanguage\":\"es\",\"@id\":\"http:\\\/\\\/www.hotel-damsquare.com\\\/#\\\/schema\\\/logo\\\/image\\\/\",\"url\":\"https:\\\/\\\/www.hotel-damsquare.com\\\/wp-content\\\/uploads\\\/2024\\\/08\\\/dam-sq-hotel-c-2.png\",\"contentUrl\":\"https:\\\/\\\/www.hotel-damsquare.com\\\/wp-content\\\/uploads\\\/2024\\\/08\\\/dam-sq-hotel-c-2.png\",\"width\":3125,\"height\":3125,\"caption\":\"Hotel Damsquare\"},\"image\":{\"@id\":\"http:\\\/\\\/www.hotel-damsquare.com\\\/#\\\/schema\\\/logo\\\/image\\\/\"}}]}<\/script>\n<!-- \/ Yoast SEO plugin. -->","yoast_head_json":{"title":"Vacancies - Hotel Damsquare","robots":{"index":"index","follow":"follow","max-snippet":"max-snippet:-1","max-image-preview":"max-image-preview:large","max-video-preview":"max-video-preview:-1"},"canonical":"https:\/\/www.hotel-damsquare.com\/es\/vacancies\/","og_locale":"es_ES","og_type":"article","og_title":"Vacancies - Hotel Damsquare","og_description":"Vacancies: Cleaning and Reception We are always looking for enthusiastic new colleagues for our cleaning and reception teams. Are you someone who is open to new challenges, works hard and has a positive attitude? Do you want to be part of a dynamic and international working environment? If you are enthusiastic about providing excellent service [&hellip;]","og_url":"https:\/\/www.hotel-damsquare.com\/es\/vacancies\/","og_site_name":"Hotel Damsquare","article_modified_time":"2024-11-11T15:59:55+00:00","og_image":[{"url":"http:\/\/www.hotel-damsquare.com\/wp-content\/uploads\/2024\/11\/DAMSQR_FINAL-HR-PHOTOS-12-1-min-scaled.jpg","type":"","width":"","height":""}],"twitter_card":"summary_large_image","schema":{"@context":"https:\/\/schema.org","@graph":[{"@type":"WebPage","@id":"https:\/\/www.hotel-damsquare.com\/es\/vacancies\/","url":"https:\/\/www.hotel-damsquare.com\/es\/vacancies\/","name":"Vacancies - Hotel Damsquare","isPartOf":{"@id":"http:\/\/www.hotel-damsquare.com\/#website"},"primaryImageOfPage":{"@id":"https:\/\/www.hotel-damsquare.com\/es\/vacancies\/#primaryimage"},"image":{"@id":"https:\/\/www.hotel-damsquare.com\/es\/vacancies\/#primaryimage"},"thumbnailUrl":"http:\/\/www.hotel-damsquare.com\/wp-content\/uploads\/2024\/11\/DAMSQR_FINAL-HR-PHOTOS-12-1-min-scaled.jpg","datePublished":"2024-10-25T14:50:35+00:00","dateModified":"2024-11-11T15:59:55+00:00","breadcrumb":{"@id":"https:\/\/www.hotel-damsquare.com\/es\/vacancies\/#breadcrumb"},"inLanguage":"es","potentialAction":[{"@type":"ReadAction","target":["https:\/\/www.hotel-damsquare.com\/es\/vacancies\/"]}]},{"@type":"ImageObject","inLanguage":"es","@id":"https:\/\/www.hotel-damsquare.com\/es\/vacancies\/#primaryimage","url":"http:\/\/www.hotel-damsquare.com\/wp-content\/uploads\/2024\/11\/DAMSQR_FINAL-HR-PHOTOS-12-1-min-scaled.jpg","contentUrl":"http:\/\/www.hotel-damsquare.com\/wp-content\/uploads\/2024\/11\/DAMSQR_FINAL-HR-PHOTOS-12-1-min-scaled.jpg"},{"@type":"BreadcrumbList","@id":"https:\/\/www.hotel-damsquare.com\/es\/vacancies\/#breadcrumb","itemListElement":[{"@type":"ListItem","position":1,"name":"Home","item":"http:\/\/www.hotel-damsquare.com\/es\/"},{"@type":"ListItem","position":2,"name":"Vacancies"}]},{"@type":"WebSite","@id":"http:\/\/www.hotel-damsquare.com\/#website","url":"http:\/\/www.hotel-damsquare.com\/","name":"Hotel Damsquare","description":"","publisher":{"@id":"http:\/\/www.hotel-damsquare.com\/#organization"},"potentialAction":[{"@type":"SearchAction","target":{"@type":"EntryPoint","urlTemplate":"http:\/\/www.hotel-damsquare.com\/?s={search_term_string}"},"query-input":{"@type":"PropertyValueSpecification","valueRequired":true,"valueName":"search_term_string"}}],"inLanguage":"es"},{"@type":"Organization","@id":"http:\/\/www.hotel-damsquare.com\/#organization","name":"Hotel Damsquare","url":"http:\/\/www.hotel-damsquare.com\/","logo":{"@type":"ImageObject","inLanguage":"es","@id":"http:\/\/www.hotel-damsquare.com\/#\/schema\/logo\/image\/","url":"https:\/\/www.hotel-damsquare.com\/wp-content\/uploads\/2024\/08\/dam-sq-hotel-c-2.png","contentUrl":"https:\/\/www.hotel-damsquare.com\/wp-content\/uploads\/2024\/08\/dam-sq-hotel-c-2.png","width":3125,"height":3125,"caption":"Hotel Damsquare"},"image":{"@id":"http:\/\/www.hotel-damsquare.com\/#\/schema\/logo\/image\/"}}]}},"_links":{"self":[{"href":"https:\/\/www.hotel-damsquare.com\/es\/wp-json\/wp\/v2\/pages\/2934","targetHints":{"allow":["GET"]}}],"collection":[{"href":"https:\/\/www.hotel-damsquare.com\/es\/wp-json\/wp\/v2\/pages"}],"about":[{"href":"https:\/\/www.hotel-damsquare.com\/es\/wp-json\/wp\/v2\/types\/page"}],"author":[{"embeddable":true,"href":"https:\/\/www.hotel-damsquare.com\/es\/wp-json\/wp\/v2\/users\/5"}],"replies":[{"embeddable":true,"href":"https:\/\/www.hotel-damsquare.com\/es\/wp-json\/wp\/v2\/comments?post=2934"}],"version-history":[{"count":0,"href":"https:\/\/www.hotel-damsquare.com\/es\/wp-json\/wp\/v2\/pages\/2934\/revisions"}],"wp:attachment":[{"href":"https:\/\/www.hotel-damsquare.com\/es\/wp-json\/wp\/v2\/media?parent=2934"}],"curies":[{"name":"wp","href":"https:\/\/api.w.org\/{rel}","templated":true}]}}