{"id":74,"date":"2024-08-09T12:52:16","date_gmt":"2024-08-09T12:52:16","guid":{"rendered":"http:\/\/www.hotel-damsquare.com\/?page_id=74"},"modified":"2025-01-04T15:14:55","modified_gmt":"2025-01-04T15:14:55","slug":"geschiedenis","status":"publish","type":"page","link":"https:\/\/www.hotel-damsquare.com\/es\/geschiedenis\/","title":{"rendered":"Historia"},"content":{"rendered":"<div data-elementor-type=\"wp-page\" data-elementor-id=\"74\" class=\"elementor elementor-74\" data-elementor-post-type=\"page\">\n\t\t\t\t<div class=\"elementor-element elementor-element-cd4dfe9 e-flex e-con-boxed e-con e-parent\" data-id=\"cd4dfe9\" data-element_type=\"container\" data-settings=\"{&quot;background_background&quot;:&quot;classic&quot;}\">\n\t\t\t\t\t<div class=\"e-con-inner\">\n\t\t\t\t<div class=\"elementor-element elementor-element-70250f8 elementor-widget elementor-widget-heading\" data-id=\"70250f8\" data-element_type=\"widget\" data-widget_type=\"heading.default\">\n\t\t\t\t<div class=\"elementor-widget-container\">\n\t\t\t\t\t<h2 class=\"elementor-heading-title elementor-size-default\">Historia<\/h2>\t\t\t\t<\/div>\n\t\t\t\t<\/div>\n\t\t\t\t\t<\/div>\n\t\t\t\t<\/div>\n\t\t<div class=\"elementor-element elementor-element-05ab717 e-flex e-con-boxed e-con e-parent\" data-id=\"05ab717\" data-element_type=\"container\">\n\t\t\t\t\t<div class=\"e-con-inner\">\n\t\t<div class=\"elementor-element elementor-element-6f0f7d1 e-con-full e-flex e-con e-child\" data-id=\"6f0f7d1\" data-element_type=\"container\">\n\t\t\t\t<div class=\"elementor-element elementor-element-f60f337 elementor-widget elementor-widget-heading\" data-id=\"f60f337\" data-element_type=\"widget\" data-widget_type=\"heading.default\">\n\t\t\t\t<div class=\"elementor-widget-container\">\n\t\t\t\t\t<h2 class=\"elementor-heading-title elementor-size-default\">Historia del Hotel Damsquare <\/h2>\t\t\t\t<\/div>\n\t\t\t\t<\/div>\n\t\t\t\t<div class=\"elementor-element elementor-element-0ef404a elementor-widget elementor-widget-text-editor\" data-id=\"0ef404a\" data-element_type=\"widget\" data-widget_type=\"text-editor.default\">\n\t\t\t\t<div class=\"elementor-widget-container\">\n\t\t\t\t\t\t\t\t\t<p class=\"p1\">El Hotel Damsquare, antes conocido como Hotel de Gerstekorrel, es uno de los hoteles familiares m\u00e1s antiguos de \u00c1msterdam. Fundado en la d\u00e9cada de 1920, el hotel ha sido objeto de profundas renovaciones en los \u00faltimos a\u00f1os. A lo largo del \u00faltimo siglo ha sido gestionado por cuatro familias diferentes, y la actual contin\u00faa la orgullosa tradici\u00f3n.<\/p>\t\t\t\t\t\t\t\t<\/div>\n\t\t\t\t<\/div>\n\t\t\t\t<\/div>\n\t\t<div class=\"elementor-element elementor-element-9109dbf e-con-full e-flex e-con e-child\" data-id=\"9109dbf\" data-element_type=\"container\" data-settings=\"{&quot;background_background&quot;:&quot;classic&quot;}\">\n\t\t\t\t<div class=\"elementor-element elementor-element-e795b40 elementor-widget elementor-widget-image\" data-id=\"e795b40\" data-element_type=\"widget\" data-widget_type=\"image.default\">\n\t\t\t\t<div class=\"elementor-widget-container\">\n\t\t\t\t\t\t\t\t\t\t\t\t\t\t\t<img fetchpriority=\"high\" decoding=\"async\" width=\"800\" height=\"533\" src=\"https:\/\/www.hotel-damsquare.com\/wp-content\/uploads\/2024\/08\/pica-1024x682.jpg\" class=\"attachment-large size-large wp-image-15\" alt=\"\" srcset=\"https:\/\/www.hotel-damsquare.com\/wp-content\/uploads\/2024\/08\/pica-1024x682.jpg 1024w, https:\/\/www.hotel-damsquare.com\/wp-content\/uploads\/2024\/08\/pica-300x200.jpg 300w, https:\/\/www.hotel-damsquare.com\/wp-content\/uploads\/2024\/08\/pica-768x512.jpg 768w, https:\/\/www.hotel-damsquare.com\/wp-content\/uploads\/2024\/08\/pica.jpg 1153w\" sizes=\"(max-width: 800px) 100vw, 800px\" \/>\t\t\t\t\t\t\t\t\t\t\t\t\t\t\t<\/div>\n\t\t\t\t<\/div>\n\t\t\t\t<\/div>\n\t\t\t\t\t<\/div>\n\t\t\t\t<\/div>\n\t\t<div class=\"elementor-element elementor-element-cadb97f e-flex e-con-boxed e-con e-parent\" data-id=\"cadb97f\" data-element_type=\"container\" data-settings=\"{&quot;background_background&quot;:&quot;classic&quot;}\">\n\t\t\t\t\t<div class=\"e-con-inner\">\n\t\t<div class=\"elementor-element elementor-element-7c5a444 e-con-full e-flex e-con e-child\" data-id=\"7c5a444\" data-element_type=\"container\" data-settings=\"{&quot;background_background&quot;:&quot;classic&quot;}\">\n\t\t\t\t<div class=\"elementor-element elementor-element-66e740c elementor-widget elementor-widget-image\" data-id=\"66e740c\" data-element_type=\"widget\" data-widget_type=\"image.default\">\n\t\t\t\t<div class=\"elementor-widget-container\">\n\t\t\t\t\t\t\t\t\t\t\t\t\t\t\t<img decoding=\"async\" width=\"800\" height=\"533\" src=\"https:\/\/www.hotel-damsquare.com\/wp-content\/uploads\/2024\/08\/coffeng-1024x682.jpg\" class=\"attachment-large size-large wp-image-13\" alt=\"\" srcset=\"https:\/\/www.hotel-damsquare.com\/wp-content\/uploads\/2024\/08\/coffeng-1024x682.jpg 1024w, https:\/\/www.hotel-damsquare.com\/wp-content\/uploads\/2024\/08\/coffeng-300x200.jpg 300w, https:\/\/www.hotel-damsquare.com\/wp-content\/uploads\/2024\/08\/coffeng-768x512.jpg 768w, https:\/\/www.hotel-damsquare.com\/wp-content\/uploads\/2024\/08\/coffeng.jpg 1040w\" sizes=\"(max-width: 800px) 100vw, 800px\" \/>\t\t\t\t\t\t\t\t\t\t\t\t\t\t\t<\/div>\n\t\t\t\t<\/div>\n\t\t\t\t<\/div>\n\t\t<div class=\"elementor-element elementor-element-bb3bf9f e-con-full e-flex e-con e-child\" data-id=\"bb3bf9f\" data-element_type=\"container\">\n\t\t\t\t<div class=\"elementor-element elementor-element-b5aa529 elementor-widget elementor-widget-text-editor\" data-id=\"b5aa529\" data-element_type=\"widget\" data-widget_type=\"text-editor.default\">\n\t\t\t\t<div class=\"elementor-widget-container\">\n\t\t\t\t\t\t\t\t\t<p class=\"p1\">El primer propietario, el Sr. J.H. (Tinus) Coffeng, consigui\u00f3 dirigir el hotel durante los dif\u00edciles a\u00f1os de la Segunda Guerra Mundial. Despu\u00e9s de \u00e9l, el hotel pas\u00f3 a manos de un matrimonio holand\u00e9s, que lo vendi\u00f3 a una pareja italo-inglesa en la d\u00e9cada de 1970. Aunque tuvo \u00e9xito en los 80, el hotel ya no estaba a la altura de los est\u00e1ndares modernos, con aseos y duchas compartidos. A principios de los 90, el hotel pas\u00f3 a manos de una familia neerlandesa-finlandesa. Mientras tanto, la segunda generaci\u00f3n de la familia est\u00e1 aprendiendo hosteler\u00eda.<\/p>\t\t\t\t\t\t\t\t<\/div>\n\t\t\t\t<\/div>\n\t\t\t\t<div class=\"elementor-element elementor-element-a7a4702 elementor-widget elementor-widget-text-editor\" data-id=\"a7a4702\" data-element_type=\"widget\" data-widget_type=\"text-editor.default\">\n\t\t\t\t<div class=\"elementor-widget-container\">\n\t\t\t\t\t\t\t\t\t<p class=\"p1\">Cuando se adquiri\u00f3 el hotel, se moderniz\u00f3 y todas las habitaciones se renovaron para incluir sus propias duchas y aseos. Desde la primera renovaci\u00f3n, el hotel se ha modernizado, renovado y renovado continuamente. La rica historia familiar es motivo de orgullo y los hu\u00e9spedes reciben una c\u00e1lida bienvenida.<\/p>\t\t\t\t\t\t\t\t<\/div>\n\t\t\t\t<\/div>\n\t\t\t\t<\/div>\n\t\t\t\t\t<\/div>\n\t\t\t\t<\/div>\n\t\t<div class=\"elementor-element elementor-element-835ecf6 elementor-hidden-tablet elementor-hidden-mobile e-flex e-con-boxed e-con e-parent\" data-id=\"835ecf6\" data-element_type=\"container\" data-settings=\"{&quot;background_background&quot;:&quot;classic&quot;}\">\n\t\t\t\t\t<div class=\"e-con-inner\">\n\t\t\t\t<div class=\"elementor-element elementor-element-963f2d1 elementor-arrows-position-inside elementor-pagination-position-outside elementor-widget elementor-widget-image-carousel\" data-id=\"963f2d1\" data-element_type=\"widget\" data-settings=\"{&quot;image_spacing_custom&quot;:{&quot;unit&quot;:&quot;px&quot;,&quot;size&quot;:15,&quot;sizes&quot;:[]},&quot;navigation&quot;:&quot;both&quot;,&quot;autoplay&quot;:&quot;yes&quot;,&quot;pause_on_hover&quot;:&quot;yes&quot;,&quot;pause_on_interaction&quot;:&quot;yes&quot;,&quot;autoplay_speed&quot;:5000,&quot;infinite&quot;:&quot;yes&quot;,&quot;speed&quot;:500,&quot;image_spacing_custom_tablet&quot;:{&quot;unit&quot;:&quot;px&quot;,&quot;size&quot;:&quot;&quot;,&quot;sizes&quot;:[]},&quot;image_spacing_custom_mobile&quot;:{&quot;unit&quot;:&quot;px&quot;,&quot;size&quot;:&quot;&quot;,&quot;sizes&quot;:[]}}\" data-widget_type=\"image-carousel.default\">\n\t\t\t\t<div class=\"elementor-widget-container\">\n\t\t\t\t\t\t\t<div class=\"elementor-image-carousel-wrapper swiper\" role=\"region\" aria-roledescription=\"carousel\" aria-label=\"Carrusel de im\u00e1genes\" dir=\"ltr\">\n\t\t\t<div class=\"elementor-image-carousel swiper-wrapper\" aria-live=\"off\">\n\t\t\t\t\t\t\t\t<div class=\"swiper-slide\" role=\"group\" aria-roledescription=\"slide\" aria-label=\"1 de 4\" data-no-translation-aria-label=\"\"><figure class=\"swiper-slide-inner\"><img decoding=\"async\" class=\"swiper-slide-image\" src=\"https:\/\/www.hotel-damsquare.com\/wp-content\/uploads\/2024\/08\/brochure4b-1024x683.jpg\" alt=\"brochure4b\" \/><\/figure><\/div><div class=\"swiper-slide\" role=\"group\" aria-roledescription=\"slide\" aria-label=\"2 de 4\" data-no-translation-aria-label=\"\"><figure class=\"swiper-slide-inner\"><img decoding=\"async\" class=\"swiper-slide-image\" src=\"https:\/\/www.hotel-damsquare.com\/wp-content\/uploads\/2024\/08\/pica-1024x682.jpg\" alt=\"pica\" \/><\/figure><\/div><div class=\"swiper-slide\" role=\"group\" aria-roledescription=\"slide\" aria-label=\"3 de 4\" data-no-translation-aria-label=\"\"><figure class=\"swiper-slide-inner\"><img decoding=\"async\" class=\"swiper-slide-image\" src=\"https:\/\/www.hotel-damsquare.com\/wp-content\/uploads\/2024\/08\/room51-1024x682.jpg\" alt=\"room51\" \/><\/figure><\/div><div class=\"swiper-slide\" role=\"group\" aria-roledescription=\"slide\" aria-label=\"4 de 4\" data-no-translation-aria-label=\"\"><figure class=\"swiper-slide-inner\"><img decoding=\"async\" class=\"swiper-slide-image\" src=\"https:\/\/www.hotel-damsquare.com\/wp-content\/uploads\/2024\/08\/coffeng-1024x682.jpg\" alt=\"coffeng\" \/><\/figure><\/div>\t\t\t<\/div>\n\t\t\t\t\t\t\t\t\t\t\t\t<div class=\"elementor-swiper-button elementor-swiper-button-prev\" role=\"button\" tabindex=\"0\">\n\t\t\t\t\t\t<svg aria-hidden=\"true\" class=\"e-font-icon-svg e-eicon-chevron-left\" viewbox=\"0 0 1000 1000\" xmlns=\"http:\/\/www.w3.org\/2000\/svg\"><path d=\"M646 125C629 125 613 133 604 142L308 442C296 454 292 471 292 487 292 504 296 521 308 533L604 854C617 867 629 875 646 875 663 875 679 871 692 858 704 846 713 829 713 812 713 796 708 779 692 767L438 487 692 225C700 217 708 204 708 187 708 171 704 154 692 142 675 129 663 125 646 125Z\"><\/path><\/svg>\t\t\t\t\t<\/div>\n\t\t\t\t\t<div class=\"elementor-swiper-button elementor-swiper-button-next\" role=\"button\" tabindex=\"0\">\n\t\t\t\t\t\t<svg aria-hidden=\"true\" class=\"e-font-icon-svg e-eicon-chevron-right\" viewbox=\"0 0 1000 1000\" xmlns=\"http:\/\/www.w3.org\/2000\/svg\"><path d=\"M696 533C708 521 713 504 713 487 713 471 708 454 696 446L400 146C388 133 375 125 354 125 338 125 325 129 313 142 300 154 292 171 292 187 292 204 296 221 308 233L563 492 304 771C292 783 288 800 288 817 288 833 296 850 308 863 321 871 338 875 354 875 371 875 388 867 400 854L696 533Z\"><\/path><\/svg>\t\t\t\t\t<\/div>\n\t\t\t\t\n\t\t\t\t\t\t\t\t\t<div class=\"swiper-pagination\"><\/div>\n\t\t\t\t\t\t\t\t\t<\/div>\n\t\t\t\t\t\t<\/div>\n\t\t\t\t<\/div>\n\t\t\t\t\t<\/div>\n\t\t\t\t<\/div>\n\t\t\t\t<\/div>","protected":false},"excerpt":{"rendered":"<p>Historia Historia del Hotel Damsquare El Hotel Damsquare, antes conocido como Hotel de Gerstekorrel, es uno de los hoteles familiares m\u00e1s antiguos de \u00c1msterdam. Fundado en la d\u00e9cada de 1920, el hotel ha sido objeto de profundas renovaciones en los \u00faltimos a\u00f1os. A lo largo del \u00faltimo siglo ha sido gestionado por cuatro familias diferentes y la actual contin\u00faa la orgullosa tradici\u00f3n. [...]<\/p>","protected":false},"author":3,"featured_media":0,"parent":0,"menu_order":0,"comment_status":"closed","ping_status":"closed","template":"","meta":{"footnotes":""},"class_list":["post-74","page","type-page","status-publish","hentry"],"yoast_head":"<!-- This site is optimized with the Yoast SEO plugin v27.4 - https:\/\/yoast.com\/product\/yoast-seo-wordpress\/ -->\n<title>History - Hotel Damsquare<\/title>\n<meta name=\"robots\" content=\"index, follow, max-snippet:-1, max-image-preview:large, max-video-preview:-1\" \/>\n<link rel=\"canonical\" href=\"https:\/\/www.hotel-damsquare.com\/es\/geschiedenis\/\" \/>\n<meta property=\"og:locale\" content=\"es_ES\" \/>\n<meta property=\"og:type\" content=\"article\" \/>\n<meta property=\"og:title\" content=\"History - Hotel Damsquare\" \/>\n<meta property=\"og:description\" content=\"History History of Hotel Damsquare Hotel Damsquare, formerly known as Hotel de Gerstekorrel, is one of the oldest family-run hotels in Amsterdam. Founded in the 1920s the hotel has undergone thorough renovations in recent years. Over the past century it has been managed by four different families with the current family continuing the proud tradition. [&hellip;]\" \/>\n<meta property=\"og:url\" content=\"https:\/\/www.hotel-damsquare.com\/es\/geschiedenis\/\" \/>\n<meta property=\"og:site_name\" content=\"Hotel Damsquare\" \/>\n<meta property=\"article:modified_time\" content=\"2025-01-04T15:14:55+00:00\" \/>\n<meta property=\"og:image\" content=\"http:\/\/www.hotel-damsquare.com\/wp-content\/uploads\/2024\/08\/pica-1024x682.jpg\" \/>\n<meta name=\"twitter:card\" content=\"summary_large_image\" \/>\n<meta name=\"twitter:label1\" content=\"Tiempo de lectura\" \/>\n\t<meta name=\"twitter:data1\" content=\"4 minutos\" \/>\n<script type=\"application\/ld+json\" class=\"yoast-schema-graph\">{\"@context\":\"https:\\\/\\\/schema.org\",\"@graph\":[{\"@type\":\"WebPage\",\"@id\":\"https:\\\/\\\/www.hotel-damsquare.com\\\/geschiedenis\\\/\",\"url\":\"https:\\\/\\\/www.hotel-damsquare.com\\\/geschiedenis\\\/\",\"name\":\"History - Hotel Damsquare\",\"isPartOf\":{\"@id\":\"http:\\\/\\\/www.hotel-damsquare.com\\\/#website\"},\"primaryImageOfPage\":{\"@id\":\"https:\\\/\\\/www.hotel-damsquare.com\\\/geschiedenis\\\/#primaryimage\"},\"image\":{\"@id\":\"https:\\\/\\\/www.hotel-damsquare.com\\\/geschiedenis\\\/#primaryimage\"},\"thumbnailUrl\":\"http:\\\/\\\/www.hotel-damsquare.com\\\/wp-content\\\/uploads\\\/2024\\\/08\\\/pica-1024x682.jpg\",\"datePublished\":\"2024-08-09T12:52:16+00:00\",\"dateModified\":\"2025-01-04T15:14:55+00:00\",\"breadcrumb\":{\"@id\":\"https:\\\/\\\/www.hotel-damsquare.com\\\/geschiedenis\\\/#breadcrumb\"},\"inLanguage\":\"es\",\"potentialAction\":[{\"@type\":\"ReadAction\",\"target\":[\"https:\\\/\\\/www.hotel-damsquare.com\\\/geschiedenis\\\/\"]}]},{\"@type\":\"ImageObject\",\"inLanguage\":\"es\",\"@id\":\"https:\\\/\\\/www.hotel-damsquare.com\\\/geschiedenis\\\/#primaryimage\",\"url\":\"http:\\\/\\\/www.hotel-damsquare.com\\\/wp-content\\\/uploads\\\/2024\\\/08\\\/pica-1024x682.jpg\",\"contentUrl\":\"http:\\\/\\\/www.hotel-damsquare.com\\\/wp-content\\\/uploads\\\/2024\\\/08\\\/pica-1024x682.jpg\"},{\"@type\":\"BreadcrumbList\",\"@id\":\"https:\\\/\\\/www.hotel-damsquare.com\\\/geschiedenis\\\/#breadcrumb\",\"itemListElement\":[{\"@type\":\"ListItem\",\"position\":1,\"name\":\"Home\",\"item\":\"http:\\\/\\\/www.hotel-damsquare.com\\\/es\\\/\"},{\"@type\":\"ListItem\",\"position\":2,\"name\":\"History\"}]},{\"@type\":\"WebSite\",\"@id\":\"http:\\\/\\\/www.hotel-damsquare.com\\\/#website\",\"url\":\"http:\\\/\\\/www.hotel-damsquare.com\\\/\",\"name\":\"Hotel Damsquare\",\"description\":\"\",\"publisher\":{\"@id\":\"http:\\\/\\\/www.hotel-damsquare.com\\\/#organization\"},\"potentialAction\":[{\"@type\":\"SearchAction\",\"target\":{\"@type\":\"EntryPoint\",\"urlTemplate\":\"http:\\\/\\\/www.hotel-damsquare.com\\\/?s={search_term_string}\"},\"query-input\":{\"@type\":\"PropertyValueSpecification\",\"valueRequired\":true,\"valueName\":\"search_term_string\"}}],\"inLanguage\":\"es\"},{\"@type\":\"Organization\",\"@id\":\"http:\\\/\\\/www.hotel-damsquare.com\\\/#organization\",\"name\":\"Hotel Damsquare\",\"url\":\"http:\\\/\\\/www.hotel-damsquare.com\\\/\",\"logo\":{\"@type\":\"ImageObject\",\"inLanguage\":\"es\",\"@id\":\"http:\\\/\\\/www.hotel-damsquare.com\\\/#\\\/schema\\\/logo\\\/image\\\/\",\"url\":\"https:\\\/\\\/www.hotel-damsquare.com\\\/wp-content\\\/uploads\\\/2024\\\/08\\\/dam-sq-hotel-c-2.png\",\"contentUrl\":\"https:\\\/\\\/www.hotel-damsquare.com\\\/wp-content\\\/uploads\\\/2024\\\/08\\\/dam-sq-hotel-c-2.png\",\"width\":3125,\"height\":3125,\"caption\":\"Hotel Damsquare\"},\"image\":{\"@id\":\"http:\\\/\\\/www.hotel-damsquare.com\\\/#\\\/schema\\\/logo\\\/image\\\/\"}}]}<\/script>\n<!-- \/ Yoast SEO plugin. -->","yoast_head_json":{"title":"History - Hotel Damsquare","robots":{"index":"index","follow":"follow","max-snippet":"max-snippet:-1","max-image-preview":"max-image-preview:large","max-video-preview":"max-video-preview:-1"},"canonical":"https:\/\/www.hotel-damsquare.com\/es\/geschiedenis\/","og_locale":"es_ES","og_type":"article","og_title":"History - Hotel Damsquare","og_description":"History History of Hotel Damsquare Hotel Damsquare, formerly known as Hotel de Gerstekorrel, is one of the oldest family-run hotels in Amsterdam. Founded in the 1920s the hotel has undergone thorough renovations in recent years. Over the past century it has been managed by four different families with the current family continuing the proud tradition. [&hellip;]","og_url":"https:\/\/www.hotel-damsquare.com\/es\/geschiedenis\/","og_site_name":"Hotel Damsquare","article_modified_time":"2025-01-04T15:14:55+00:00","og_image":[{"url":"http:\/\/www.hotel-damsquare.com\/wp-content\/uploads\/2024\/08\/pica-1024x682.jpg","type":"","width":"","height":""}],"twitter_card":"summary_large_image","twitter_misc":{"Tiempo de lectura":"4 minutos"},"schema":{"@context":"https:\/\/schema.org","@graph":[{"@type":"WebPage","@id":"https:\/\/www.hotel-damsquare.com\/geschiedenis\/","url":"https:\/\/www.hotel-damsquare.com\/geschiedenis\/","name":"History - Hotel Damsquare","isPartOf":{"@id":"http:\/\/www.hotel-damsquare.com\/#website"},"primaryImageOfPage":{"@id":"https:\/\/www.hotel-damsquare.com\/geschiedenis\/#primaryimage"},"image":{"@id":"https:\/\/www.hotel-damsquare.com\/geschiedenis\/#primaryimage"},"thumbnailUrl":"http:\/\/www.hotel-damsquare.com\/wp-content\/uploads\/2024\/08\/pica-1024x682.jpg","datePublished":"2024-08-09T12:52:16+00:00","dateModified":"2025-01-04T15:14:55+00:00","breadcrumb":{"@id":"https:\/\/www.hotel-damsquare.com\/geschiedenis\/#breadcrumb"},"inLanguage":"es","potentialAction":[{"@type":"ReadAction","target":["https:\/\/www.hotel-damsquare.com\/geschiedenis\/"]}]},{"@type":"ImageObject","inLanguage":"es","@id":"https:\/\/www.hotel-damsquare.com\/geschiedenis\/#primaryimage","url":"http:\/\/www.hotel-damsquare.com\/wp-content\/uploads\/2024\/08\/pica-1024x682.jpg","contentUrl":"http:\/\/www.hotel-damsquare.com\/wp-content\/uploads\/2024\/08\/pica-1024x682.jpg"},{"@type":"BreadcrumbList","@id":"https:\/\/www.hotel-damsquare.com\/geschiedenis\/#breadcrumb","itemListElement":[{"@type":"ListItem","position":1,"name":"Home","item":"http:\/\/www.hotel-damsquare.com\/es\/"},{"@type":"ListItem","position":2,"name":"History"}]},{"@type":"WebSite","@id":"http:\/\/www.hotel-damsquare.com\/#website","url":"http:\/\/www.hotel-damsquare.com\/","name":"Hotel Damsquare","description":"","publisher":{"@id":"http:\/\/www.hotel-damsquare.com\/#organization"},"potentialAction":[{"@type":"SearchAction","target":{"@type":"EntryPoint","urlTemplate":"http:\/\/www.hotel-damsquare.com\/?s={search_term_string}"},"query-input":{"@type":"PropertyValueSpecification","valueRequired":true,"valueName":"search_term_string"}}],"inLanguage":"es"},{"@type":"Organization","@id":"http:\/\/www.hotel-damsquare.com\/#organization","name":"Hotel Damsquare","url":"http:\/\/www.hotel-damsquare.com\/","logo":{"@type":"ImageObject","inLanguage":"es","@id":"http:\/\/www.hotel-damsquare.com\/#\/schema\/logo\/image\/","url":"https:\/\/www.hotel-damsquare.com\/wp-content\/uploads\/2024\/08\/dam-sq-hotel-c-2.png","contentUrl":"https:\/\/www.hotel-damsquare.com\/wp-content\/uploads\/2024\/08\/dam-sq-hotel-c-2.png","width":3125,"height":3125,"caption":"Hotel Damsquare"},"image":{"@id":"http:\/\/www.hotel-damsquare.com\/#\/schema\/logo\/image\/"}}]}},"_links":{"self":[{"href":"https:\/\/www.hotel-damsquare.com\/es\/wp-json\/wp\/v2\/pages\/74","targetHints":{"allow":["GET"]}}],"collection":[{"href":"https:\/\/www.hotel-damsquare.com\/es\/wp-json\/wp\/v2\/pages"}],"about":[{"href":"https:\/\/www.hotel-damsquare.com\/es\/wp-json\/wp\/v2\/types\/page"}],"author":[{"embeddable":true,"href":"https:\/\/www.hotel-damsquare.com\/es\/wp-json\/wp\/v2\/users\/3"}],"replies":[{"embeddable":true,"href":"https:\/\/www.hotel-damsquare.com\/es\/wp-json\/wp\/v2\/comments?post=74"}],"version-history":[{"count":3,"href":"https:\/\/www.hotel-damsquare.com\/es\/wp-json\/wp\/v2\/pages\/74\/revisions"}],"predecessor-version":[{"id":3827,"href":"https:\/\/www.hotel-damsquare.com\/es\/wp-json\/wp\/v2\/pages\/74\/revisions\/3827"}],"wp:attachment":[{"href":"https:\/\/www.hotel-damsquare.com\/es\/wp-json\/wp\/v2\/media?parent=74"}],"curies":[{"name":"wp","href":"https:\/\/api.w.org\/{rel}","templated":true}]}}